{"id":1537,"date":"2026-03-30T08:46:24","date_gmt":"2026-03-30T05:46:24","guid":{"rendered":"https:\/\/avguste.lv\/contacts\/"},"modified":"2026-03-31T13:23:23","modified_gmt":"2026-03-31T10:23:23","slug":"contacts","status":"publish","type":"page","link":"https:\/\/avguste.lv\/lv\/contacts\/","title":{"rendered":"Contacts"},"content":{"rendered":"<section class=\"l-section wpb_row height_auto with_img\"><div class=\"l-section-img\" role=\"img\" data-img-width=\"1600\" data-img-height=\"1067\" style=\"background-image: url(https:\/\/avguste.lv\/wp-content\/uploads\/2026\/03\/contacts-1.jpg);\"><\/div><div class=\"l-section-h i-cf\"><div class=\"g-cols vc_row via_grid cols_1 laptops-cols_inherit tablets-cols_inherit mobiles-cols_1 valign_top type_default stacking_default\"><div class=\"wpb_column vc_column_container\"><div class=\"vc_column-inner\"><div class=\"w-separator size_custom\" style=\"height:150px\" id=\"pe75\"><style>@media(max-width:600px){ #pe75{height:50px!important}}<\/style><\/div>[vc_custom_heading text=&#8221;ZVAN\u012aT VAI RAKST\u012aT<br \/>\n&#8221; font_container=&#8221;tag:h1|text_align:center&#8221; use_theme_fonts=&#8221;yes&#8221; css=&#8221;%7B%22default%22%3A%7B%22color%22%3A%22%23ffffff%22%2C%22font-size%22%3A%2242px%22%2C%22line-height%22%3A%22%22%7D%2C%22laptops%22%3A%7B%22color%22%3A%22%23ffffff%22%2C%22font-size%22%3A%2242px%22%2C%22line-height%22%3A%22%22%7D%2C%22tablets%22%3A%7B%22color%22%3A%22%23ffffff%22%2C%22font-size%22%3A%2242px%22%2C%22line-height%22%3A%22%22%7D%2C%22mobiles%22%3A%7B%22color%22%3A%22%23ffffff%22%2C%22font-size%22%3A%2236px%22%2C%22line-height%22%3A%2238px%22%7D%7D&#8221;]<div class=\"wpb_text_column us_custom_67a079db has_text_color\"><div class=\"wpb_wrapper\"><p><span style=\"color: #ffffff;\"><a style=\"color: #ffffff;\" href=\"tel:+37127330094\">+371 27330094<\/a><\/span><\/p>\n<\/div><\/div><div class=\"w-separator size_custom\" style=\"height:150px\" id=\"jf68\"><style>@media(max-width:600px){ #jf68{height:50px!important}}<\/style><\/div><\/div><\/div><\/div><\/div><\/section><section class=\"l-section wpb_row height_small\"><div class=\"l-section-overlay\" style=\"background:#217074\"><\/div><div class=\"l-section-h i-cf\"><div class=\"g-cols vc_row via_grid cols_1 laptops-cols_inherit tablets-cols_inherit mobiles-cols_1 valign_top type_default stacking_default\"><div class=\"wpb_column vc_column_container\"><div class=\"vc_column-inner\"><div class=\"wpb_text_column us_custom_402d0671\"><div class=\"wpb_wrapper\"><p>SAZINIETIES AR MANI<\/p>\n<\/div><\/div><div class=\"w-separator size_custom\" style=\"height:50px\" id=\"h0f8\"><style>@media(max-width:600px){ #h0f8{height:5px!important}}<\/style><\/div><div class=\"g-cols wpb_row via_grid cols_1-2-1 laptops-cols_inherit tablets-cols_inherit mobiles-cols_1 valign_top type_default stacking_default\" style=\"--gap:3rem;\"><div class=\"wpb_column vc_column_container\"><div class=\"vc_column-inner\"><\/div><\/div><div class=\"wpb_column vc_column_container\"><div class=\"vc_column-inner\"><form class=\"w-form  us_custom_6df4bc3a has_text_color layout_ver for_cform us_form_1\" autocomplete=\"off\" action=\"https:\/\/avguste.lv\/lv\/wp-json\/wp\/v2\/pages\/1537\" method=\"post\"><div class=\"w-form-h\"><div class=\"w-form-row for_text has_label required\">\r\n\t\t\t<div class=\"w-form-row-label\">\r\n\t\t\t<span>V\u0101rds *<\/span>\r\n\t\t<\/div>\r\n\t\t<div class=\"w-form-row-field\">\r\n\t\t\t\t\t\t<input aria-label=\"V\u0101rds\" type=\"text\" name=\"us_form_1_text_1\" value placeholder=\"Ievadiet savu v\u0101rdu\" data-required=\"true\" aria-required=\"true\"\/>\r\n\t\t\t<\/div>\r\n\t\t<div class=\"w-form-row-state\">Aizpildiet \u0161o lauku<\/div>\r\n<\/div>\r\n<div class=\"w-form-row for_text has_label required\">\r\n\t\t\t<div class=\"w-form-row-label\">\r\n\t\t\t<span>T\u0101lrunis *<\/span>\r\n\t\t<\/div>\r\n\t\t<div class=\"w-form-row-field\">\r\n\t\t\t\t\t\t<input aria-label=\"T\u0101lrunis\" inputmode=\"tel\" type=\"text\" name=\"us_form_1_text_2\" value placeholder=\"Ievadiet savu t\u0101lruni\" data-required=\"true\" aria-required=\"true\"\/>\r\n\t\t\t<\/div>\r\n\t\t<div class=\"w-form-row-state\">Aizpildiet \u0161o lauku<\/div>\r\n<\/div>\r\n<div class=\"w-form-row for_email has_label\">\r\n\t\t\t<div class=\"w-form-row-label\">\r\n\t\t\t<span>E-pasts<\/span>\r\n\t\t<\/div>\r\n\t\t<div class=\"w-form-row-field\">\r\n\t\t\t\t\t\t<input aria-label=\"E-pasts\" type=\"email\" name=\"us_form_1_email_1\" value placeholder=\"Ievadiet savu e-pastu\"\/>\r\n\t\t\t<\/div>\r\n\t\t<div class=\"w-form-row-state\">Please enter a valid email address.<\/div>\r\n<\/div>\r\n<div class=\"w-form-row for_textarea has_label required\">\r\n\t\t\t<div class=\"w-form-row-label\">\r\n\t\t\t<span>Zi\u0146ojums *<\/span>\r\n\t\t<\/div>\r\n\t\t<div class=\"w-form-row-field\">\r\n\t\t\t\t\t\t<textarea aria-label=\"Zi\u0146ojums\" name=\"us_form_1_textarea_1\" placeholder=\"Ievadiet savu zi\u0146ojumu\" data-required=\"true\" aria-required=\"true\"><\/textarea>\r\n\t\t\t<\/div>\r\n\t\t<div class=\"w-form-row-state\">Aizpildiet \u0161o lauku<\/div>\r\n<\/div>\r\n<input type=\"hidden\" name=\"action\" value=\"us_ajax_cform\" \/>\r\n<input type=\"hidden\" name=\"post_id\" value=\"0\" \/>\r\n<input type=\"hidden\" name=\"form_index\" value=\"1\" \/>\r\n<div class=\"w-form-row for_submit align_justify\">\r\n\t<button class=\"w-btn  us-btn-style_9\" aria-label=\"S\u016bt\u012bt\" type=\"submit\">\r\n\t\t<span class=\"g-preloader type_1\"><\/span>\r\n\t\t\t\t<span class=\"w-btn-label\">S\u016bt\u012bt<\/span>\r\n\t\t\t<\/button>\r\n\t<\/div>\r\n<\/div><div class=\"w-form-message\"><\/div><div class=\"w-form-json hidden\" onclick='return {&quot;ajaxurl&quot;:&quot;https:\\\/\\\/avguste.lv\\\/wp-admin\\\/admin-ajax.php&quot;,&quot;messages&quot;:{&quot;err_empty&quot;:&quot;Aizpildiet \\u0161o lauku&quot;,&quot;err_size&quot;:&quot;File size cannot exceed %s MB&quot;,&quot;err_extension&quot;:&quot;%s file type is not allowed&quot;}}'><\/div><\/form><\/div><\/div><div class=\"wpb_column vc_column_container\"><div class=\"vc_column-inner\"><\/div><\/div><\/div><div class=\"w-separator size_medium\"><\/div><\/div><\/div><\/div><\/div><\/section>\n","protected":false},"excerpt":{"rendered":"[vc_custom_heading text=\"ZVAN\u012aT VAI RAKST\u012aT \" font_container=\"tag:h1|text_align:center\" use_theme_fonts=\"yes\" css=\"%7B%22default%22%3A%7B%22color%22%3A%22%23ffffff%22%2C%22font-size%22%3A%2242px%22%2C%22line-height%22%3A%22%22%7D%2C%22laptops%22%3A%7B%22color%22%3A%22%23ffffff%22%2C%22font-size%22%3A%2242px%22%2C%22line-height%22%3A%22%22%7D%2C%22tablets%22%3A%7B%22color%22%3A%22%23ffffff%22%2C%22font-size%22%3A%2242px%22%2C%22line-height%22%3A%22%22%7D%2C%22mobiles%22%3A%7B%22color%22%3A%22%23ffffff%22%2C%22font-size%22%3A%2236px%22%2C%22line-height%22%3A%2238px%22%7D%7D\"]+371 27330094 SAZINIETIES AR MANI V\u0101rds * Aizpildiet \u0161o lauku T\u0101lrunis * Aizpildiet \u0161o lauku E-pasts Please enter a valid email address. Zi\u0146ojums * Aizpildiet \u0161o lauku S\u016bt\u012bt","protected":false},"author":1,"featured_media":0,"parent":0,"menu_order":0,"comment_status":"closed","ping_status":"closed","template":"","meta":{"footnotes":""},"class_list":["post-1537","page","type-page","status-publish","hentry"],"yoast_head":"<!-- This site is optimized with the Yoast SEO plugin v27.2 - https:\/\/yoast.com\/product\/yoast-seo-wordpress\/ -->\n<title>Sazinies ar fotogr\u0101fi Kseniju Avguste | Kontakti un rezerv\u0101cija<\/title>\n<meta name=\"description\" content=\"V\u0113lies rezerv\u0113t fotosesiju vai uzdot jaut\u0101jumu? Sazinies ar mani \u2014 \u0113rt\u0101k tev.\" \/>\n<meta name=\"robots\" content=\"index, follow, max-snippet:-1, max-image-preview:large, max-video-preview:-1\" \/>\n<link rel=\"canonical\" href=\"https:\/\/avguste.lv\/lv\/contacts\/\" \/>\n<meta property=\"og:locale\" content=\"lv_LV\" \/>\n<meta property=\"og:type\" content=\"article\" \/>\n<meta property=\"og:title\" content=\"Sazinies ar fotogr\u0101fi Kseniju Avguste | Kontakti un rezerv\u0101cija\" \/>\n<meta property=\"og:description\" content=\"V\u0113lies rezerv\u0113t fotosesiju vai uzdot jaut\u0101jumu? Sazinies ar mani \u2014 \u0113rt\u0101k tev.\" \/>\n<meta property=\"og:url\" content=\"https:\/\/avguste.lv\/lv\/contacts\/\" \/>\n<meta property=\"og:site_name\" content=\"KSENIJA AVGUSTE\" \/>\n<meta property=\"article:modified_time\" content=\"2026-03-31T10:23:23+00:00\" \/>\n<meta name=\"twitter:card\" content=\"summary_large_image\" \/>\n<meta name=\"twitter:title\" content=\"Sazinies ar fotogr\u0101fi Kseniju Avguste | Kontakti un rezerv\u0101cija\" \/>\n<meta name=\"twitter:description\" content=\"V\u0113lies rezerv\u0113t fotosesiju vai uzdot jaut\u0101jumu? Sazinies ar mani \u2014 \u0113rt\u0101k tev.\" \/>\n<meta name=\"twitter:label1\" content=\"Est. reading time\" \/>\n\t<meta name=\"twitter:data1\" content=\"1 minute\" \/>\n<script type=\"application\/ld+json\" class=\"yoast-schema-graph\">{\"@context\":\"https:\/\/schema.org\",\"@graph\":[{\"@type\":\"WebPage\",\"@id\":\"https:\/\/avguste.lv\/lv\/contacts\/\",\"url\":\"https:\/\/avguste.lv\/lv\/contacts\/\",\"name\":\"Sazinies ar fotogr\u0101fi Kseniju Avguste | Kontakti un rezerv\u0101cija\",\"isPartOf\":{\"@id\":\"https:\/\/avguste.lv\/#website\"},\"datePublished\":\"2026-03-30T05:46:24+00:00\",\"dateModified\":\"2026-03-31T10:23:23+00:00\",\"description\":\"V\u0113lies rezerv\u0113t fotosesiju vai uzdot jaut\u0101jumu? Sazinies ar mani \u2014 \u0113rt\u0101k tev.\",\"breadcrumb\":{\"@id\":\"https:\/\/avguste.lv\/lv\/contacts\/#breadcrumb\"},\"inLanguage\":\"lv-LV\",\"potentialAction\":[{\"@type\":\"ReadAction\",\"target\":[\"https:\/\/avguste.lv\/lv\/contacts\/\"]}]},{\"@type\":\"BreadcrumbList\",\"@id\":\"https:\/\/avguste.lv\/lv\/contacts\/#breadcrumb\",\"itemListElement\":[{\"@type\":\"ListItem\",\"position\":1,\"name\":\"\u0413\u043b\u0430\u0432\u043d\u0430\u044f \u0441\u0442\u0440\u0430\u043d\u0438\u0446\u0430\",\"item\":\"https:\/\/avguste.lv\/lv\/\"},{\"@type\":\"ListItem\",\"position\":2,\"name\":\"Contacts\"}]},{\"@type\":\"WebSite\",\"@id\":\"https:\/\/avguste.lv\/#website\",\"url\":\"https:\/\/avguste.lv\/\",\"name\":\"KSENIJA AVGUSTE\",\"description\":\"\",\"potentialAction\":[{\"@type\":\"SearchAction\",\"target\":{\"@type\":\"EntryPoint\",\"urlTemplate\":\"https:\/\/avguste.lv\/?s={search_term_string}\"},\"query-input\":{\"@type\":\"PropertyValueSpecification\",\"valueRequired\":true,\"valueName\":\"search_term_string\"}}],\"inLanguage\":\"lv-LV\"}]}<\/script>\n<!-- \/ Yoast SEO plugin. -->","yoast_head_json":{"title":"Sazinies ar fotogr\u0101fi Kseniju Avguste | Kontakti un rezerv\u0101cija","description":"V\u0113lies rezerv\u0113t fotosesiju vai uzdot jaut\u0101jumu? Sazinies ar mani \u2014 \u0113rt\u0101k tev.","robots":{"index":"index","follow":"follow","max-snippet":"max-snippet:-1","max-image-preview":"max-image-preview:large","max-video-preview":"max-video-preview:-1"},"canonical":"https:\/\/avguste.lv\/lv\/contacts\/","og_locale":"lv_LV","og_type":"article","og_title":"Sazinies ar fotogr\u0101fi Kseniju Avguste | Kontakti un rezerv\u0101cija","og_description":"V\u0113lies rezerv\u0113t fotosesiju vai uzdot jaut\u0101jumu? Sazinies ar mani \u2014 \u0113rt\u0101k tev.","og_url":"https:\/\/avguste.lv\/lv\/contacts\/","og_site_name":"KSENIJA AVGUSTE","article_modified_time":"2026-03-31T10:23:23+00:00","twitter_card":"summary_large_image","twitter_title":"Sazinies ar fotogr\u0101fi Kseniju Avguste | Kontakti un rezerv\u0101cija","twitter_description":"V\u0113lies rezerv\u0113t fotosesiju vai uzdot jaut\u0101jumu? Sazinies ar mani \u2014 \u0113rt\u0101k tev.","twitter_misc":{"Est. reading time":"1 minute"},"schema":{"@context":"https:\/\/schema.org","@graph":[{"@type":"WebPage","@id":"https:\/\/avguste.lv\/lv\/contacts\/","url":"https:\/\/avguste.lv\/lv\/contacts\/","name":"Sazinies ar fotogr\u0101fi Kseniju Avguste | Kontakti un rezerv\u0101cija","isPartOf":{"@id":"https:\/\/avguste.lv\/#website"},"datePublished":"2026-03-30T05:46:24+00:00","dateModified":"2026-03-31T10:23:23+00:00","description":"V\u0113lies rezerv\u0113t fotosesiju vai uzdot jaut\u0101jumu? Sazinies ar mani \u2014 \u0113rt\u0101k tev.","breadcrumb":{"@id":"https:\/\/avguste.lv\/lv\/contacts\/#breadcrumb"},"inLanguage":"lv-LV","potentialAction":[{"@type":"ReadAction","target":["https:\/\/avguste.lv\/lv\/contacts\/"]}]},{"@type":"BreadcrumbList","@id":"https:\/\/avguste.lv\/lv\/contacts\/#breadcrumb","itemListElement":[{"@type":"ListItem","position":1,"name":"\u0413\u043b\u0430\u0432\u043d\u0430\u044f \u0441\u0442\u0440\u0430\u043d\u0438\u0446\u0430","item":"https:\/\/avguste.lv\/lv\/"},{"@type":"ListItem","position":2,"name":"Contacts"}]},{"@type":"WebSite","@id":"https:\/\/avguste.lv\/#website","url":"https:\/\/avguste.lv\/","name":"KSENIJA AVGUSTE","description":"","potentialAction":[{"@type":"SearchAction","target":{"@type":"EntryPoint","urlTemplate":"https:\/\/avguste.lv\/?s={search_term_string}"},"query-input":{"@type":"PropertyValueSpecification","valueRequired":true,"valueName":"search_term_string"}}],"inLanguage":"lv-LV"}]}},"_links":{"self":[{"href":"https:\/\/avguste.lv\/lv\/wp-json\/wp\/v2\/pages\/1537","targetHints":{"allow":["GET"]}}],"collection":[{"href":"https:\/\/avguste.lv\/lv\/wp-json\/wp\/v2\/pages"}],"about":[{"href":"https:\/\/avguste.lv\/lv\/wp-json\/wp\/v2\/types\/page"}],"author":[{"embeddable":true,"href":"https:\/\/avguste.lv\/lv\/wp-json\/wp\/v2\/users\/1"}],"replies":[{"embeddable":true,"href":"https:\/\/avguste.lv\/lv\/wp-json\/wp\/v2\/comments?post=1537"}],"version-history":[{"count":2,"href":"https:\/\/avguste.lv\/lv\/wp-json\/wp\/v2\/pages\/1537\/revisions"}],"predecessor-version":[{"id":1539,"href":"https:\/\/avguste.lv\/lv\/wp-json\/wp\/v2\/pages\/1537\/revisions\/1539"}],"wp:attachment":[{"href":"https:\/\/avguste.lv\/lv\/wp-json\/wp\/v2\/media?parent=1537"}],"curies":[{"name":"wp","href":"https:\/\/api.w.org\/{rel}","templated":true}]}}