{"id":1585,"date":"2026-03-30T16:30:19","date_gmt":"2026-03-30T13:30:19","guid":{"rendered":"https:\/\/avguste.lv\/privacy-policy\/"},"modified":"2026-03-31T14:26:31","modified_gmt":"2026-03-31T11:26:31","slug":"privacy-policy","status":"publish","type":"page","link":"https:\/\/avguste.lv\/lv\/privacy-policy\/","title":{"rendered":"Privacy Policy"},"content":{"rendered":"<section class=\"l-section wpb_row height_small\"><div class=\"l-section-h i-cf\"><div class=\"g-cols vc_row via_grid cols_1 laptops-cols_inherit tablets-cols_inherit mobiles-cols_1 valign_top type_default stacking_default\"><div class=\"wpb_column vc_column_container\"><div class=\"vc_column-inner\"><div class=\"w-separator size_large\"><\/div><div class=\"wpb_text_column us_custom_eb849559\"><div class=\"wpb_wrapper\"><div id=\"comp-m9bftfe8\" class=\"ku3DBC zQ9jDz qvSjx3 Vq6kJx comp-m9bftfe8 wixui-rich-text\" data-testid=\"richTextElement\">\n<section id=\"comp-mckmylv7\" class=\"Oqnisf comp-mckmylv7 wixui-section\" tabindex=\"-1\" data-block-level-container=\"ClassicSection\">\n<div class=\"\" data-mesh-id=\"comp-mckmylv7inlineContent\" data-testid=\"inline-content\">\n<div data-mesh-id=\"comp-mckmylv7inlineContent-gridContainer\" data-testid=\"mesh-container-content\">\n<div id=\"comp-mckmyoot\" class=\"ku3DBC zQ9jDz qvSjx3 Vq6kJx comp-mckmyoot wixui-rich-text\" data-testid=\"richTextElement\">\n<h1 class=\"font_0 wixui-rich-text__text\">Priv\u0101tuma politika<\/h1>\n<\/div>\n<\/div>\n<\/div>\n<\/section>\n<section id=\"comp-mceoakym1\" class=\"Oqnisf comp-mceoakym1 wixui-section\" tabindex=\"-1\" data-block-level-container=\"ClassicSection\">\n<div id=\"bgLayers_comp-mceoakym1\" class=\"MW5IWV\" data-hook=\"bgLayers\" data-motion-part=\"BG_LAYER comp-mceoakym1\"><\/div>\n<\/section>\n<\/div>\n<div id=\"comp-m9bftfea1\" class=\"ku3DBC zQ9jDz qvSjx3 Vq6kJx comp-m9bftfea1 wixui-rich-text\" data-testid=\"richTextElement\"><\/div>\n<\/div><\/div><\/div><\/div><\/div><\/div><\/section><section class=\"l-section wpb_row height_small\"><div class=\"l-section-h i-cf\"><div class=\"g-cols vc_row via_grid cols_1 laptops-cols_inherit tablets-cols_inherit mobiles-cols_1 valign_top type_default stacking_default\"><div class=\"wpb_column vc_column_container\"><div class=\"vc_column-inner\"><div class=\"wpb_text_column us_custom_ed247838 has_text_color\"><div class=\"wpb_wrapper\"><div id=\"comp-ma46j5uv\" class=\"ku3DBC zQ9jDz qvSjx3 Vq6kJx comp-ma46j5uv wixui-rich-text\" data-testid=\"richTextElement\">\n<div id=\"comp-ma46j5uv\" class=\"ku3DBC zQ9jDz qvSjx3 Vq6kJx comp-ma46j5uv wixui-rich-text\" data-testid=\"richTextElement\">\n<p class=\"font_7 wixui-rich-text__text\" style=\"text-align: center;\">P\u0113d\u0113joreiz atjaunin\u0101ts: 2025. gada 30. apr\u012bl\u012b<\/p>\n<\/div>\n<\/div>\n<div id=\"comp-ma46jhkv\" class=\"ku3DBC zQ9jDz qvSjx3 Vq6kJx comp-ma46jhkv wixui-rich-text\" data-testid=\"richTextElement\">\n<p class=\"font_8 wixui-rich-text__text\">1. Ievads \/ Ievads<\/p>\n<p class=\"font_8 wixui-rich-text__text\">J\u016bsu priv\u0101tums man ir svar\u012bgs. \u0160aj\u0101 priv\u0101tuma politik\u0101 ir paskaidrots, k\u0101 es apkopoju, izmantoju un aizsarg\u0101ju j\u016bsu personas datus, kad j\u016bs apmekl\u0113jat \u0161o t\u012bmek\u013ca vietni vai sazin\u0101ties ar mani.<\/p>\n<p class=\"font_8 wixui-rich-text__text\">J\u016bsu priv\u0101tums man ir svar\u012bgs. \u0160\u012b priv\u0101tuma politika izskaidro, k\u0101 tiek v\u0101kti, izmantoti un aizsarg\u0101ti j\u016bsu personas dati, kad apmekl\u0113jat \u0161o vietni vai varat ar mani.<\/p>\n<p class=\"font_8 wixui-rich-text__text\">\u2e3b<\/p>\n<p class=\"font_8 wixui-rich-text__text\">2. K\u0101dus personas datus es v\u0101cu \/ K\u0101di dati tiek v\u0101kti<\/p>\n<ul>\n<li class=\"font_8 wixui-rich-text__text\">V\u0101rds un kontaktinform\u0101cija (izmantojot kontaktformu)<\/li>\n<li class=\"font_8 wixui-rich-text__text\">Pas\u0101kuma inform\u0101cija (k\u0101zu datums, vieta utt.)<\/li>\n<li class=\"font_8 wixui-rich-text__text\">J\u016bsu nos\u016bt\u012btie zi\u0146ojumi vai piepras\u012bjumi<\/li>\n<\/ul>\n<p class=\"font_8 wixui-rich-text__text\">V\u0101rds, kontaktinform\u0101cija, k\u0101zu deta\u013cas (datums, vieta), k\u0101 ar\u012b j\u016bsu zi\u0146ojumi, kas iesniegti caur sazi\u0146as formu.<\/p>\n<p class=\"font_8 wixui-rich-text__text\">\u2e3b<\/p>\n<p class=\"font_8 wixui-rich-text__text\">3. K\u0101 dati tiek izmantoti \/ Datu izmanto\u0161ana<\/p>\n<ul>\n<li class=\"font_8 wixui-rich-text__text\">Lai atbild\u0113tu uz j\u016bsu piepras\u012bjumu<\/li>\n<li class=\"font_8 wixui-rich-text__text\">Lai sagatavotu pied\u0101v\u0101jumus vai l\u012bgumus<\/li>\n<li class=\"font_8 wixui-rich-text__text\">Lai sniegtu fotograf\u0113\u0161anas pakalpojumus<\/li>\n<\/ul>\n<p class=\"font_8 wixui-rich-text__text\">Lai atbild\u0113tu uz j\u016bsu jaut\u0101jumiem, sagatavotu pied\u0101v\u0101jumus un sniegtu fotogr\u0101fijas pakalpojumus.<\/p>\n<p class=\"font_8 wixui-rich-text__text\">\u2e3b<\/p>\n<p class=\"font_8 wixui-rich-text__text\">4. Datu aizsardz\u012bba \/ Datu aizsardz\u012bba<\/p>\n<ul>\n<li class=\"font_8 wixui-rich-text__text\">Dati tiek dro\u0161i glab\u0101ti un nekad netiek kop\u012bgoti ar tre\u0161aj\u0101m person\u0101m.<\/li>\n<li class=\"font_8 wixui-rich-text__text\">Tikai man ir piek\u013cuve j\u016bsu datiem.<\/li>\n<li class=\"font_8 wixui-rich-text__text\">J\u016bs varat jebkur\u0101 laik\u0101 piepras\u012bt savu datu dz\u0113\u0161anu.<\/li>\n<\/ul>\n<p class=\"font_8 wixui-rich-text__text\">Dati glab\u0101ti dro\u0161i, netiek nodoti t\u0101l\u0101k\u0101m pus\u0113m, un tiem piek\u013c\u016bst tikai es. J\u016bs jebkur\u0101 laik\u0101 varat piepras\u012bt savu datumu.<\/p>\n<p class=\"font_8 wixui-rich-text__text\">\u2e3b<\/p>\n<p class=\"font_8 wixui-rich-text__text\">5. S\u012bkdatnes<\/p>\n<p class=\"font_8 wixui-rich-text__text\">\u0160\u012b vietne var izmantot s\u012bkfailus, lai uzlabotu j\u016bsu pieredzi. S\u012bkfailus varat atsp\u0113jot p\u0101rl\u016bkprogrammas iestat\u012bjumos.<\/p>\n<p class=\"font_8 wixui-rich-text__text\">\u0160\u012b vietne var izmantot s\u012bkdatnes j\u016bsu pieredzes uzlabo\u0161anai. J\u016bs varat t\u0101s atsp\u0113jot p\u0101rl\u016bkprogrammas iestat\u012bjumos.<\/p>\n<p class=\"font_8 wixui-rich-text__text\">\u2e3b<\/p>\n<p class=\"font_8 wixui-rich-text__text\">6. J\u016bsu ties\u012bbas \/ J\u016bsu ties\u012bbas<\/p>\n<p class=\"font_8 wixui-rich-text__text\">Saska\u0146\u0101 ar GDPR jums ir ties\u012bbas:<\/p>\n<ul>\n<li class=\"font_8 wixui-rich-text__text\">Piek\u013c\u016bstiet saviem personas datiem<\/li>\n<li class=\"font_8 wixui-rich-text__text\">Piepras\u012bt labojumus vai dz\u0113\u0161anu<\/li>\n<li class=\"font_8 wixui-rich-text__text\">Atsaukt savu piekri\u0161anu<\/li>\n<\/ul>\n<p class=\"font_8 wixui-rich-text__text\">Saska\u0146\u0101 ar GDPR jums ir ties\u012bbas uz saviem datiem, piepras\u012bt to labo vai dz\u0113\u0161anu, k\u0101 ar\u012b atsaukt savu piez\u012bmi.<\/p>\n<p class=\"font_8 wixui-rich-text__text\">\u2e3b<\/p>\n<p class=\"font_8 wixui-rich-text__text\">Kontaktinform\u0101cija \/ Sazi\u0146a:<\/p>\n<p class=\"font_8 wixui-rich-text__text\">Ja jums ir k\u0101di jaut\u0101jumi, l\u016bdzu, sazinieties ar mani pa e-pastu:<span>\u00a0<\/span><a class=\"wixui-rich-text__text\" href=\"mailto:ksenija.avguste@gmail.com\" data-auto-recognition=\"true\">ksenija.avguste@gmail.com<\/a><\/p>\n<p class=\"font_8 wixui-rich-text__text\">Ja jums ir jaut\u0101jumi par priv\u0101tumu, l\u016bdzu, ar mani: Ksenija Avguste +37127330094<\/p>\n<\/div>\n<\/div><\/div><\/div><\/div><\/div><\/div><\/section><section class=\"l-section wpb_row height_small\"><div class=\"l-section-overlay\" style=\"background:#fbf6f6\"><\/div><div class=\"l-section-h i-cf\"><div class=\"g-cols vc_row via_grid cols_1 laptops-cols_inherit tablets-cols_inherit mobiles-cols_1 valign_top type_default stacking_default\"><div class=\"wpb_column vc_column_container\"><div class=\"vc_column-inner\"><div class=\"wpb_text_column us_custom_eb849559\"><div class=\"wpb_wrapper\"><div id=\"comp-mceoakys2\" class=\"ku3DBC zQ9jDz qvSjx3 Vq6kJx comp-mceoakys2 wixui-rich-text\" data-testid=\"richTextElement\">\n<div id=\"comp-mceoakys2\" class=\"ku3DBC zQ9jDz qvSjx3 Vq6kJx comp-mceoakys2 wixui-rich-text\" data-testid=\"richTextElement\">\n<h3 class=\"font_2 wixui-rich-text__text\"><span class=\"wixui-rich-text__text\"><span class=\"color_37 wixui-rich-text__text\">V\u0113l ir jaut\u0101jumi? Dro\u0161i jaut\u0101jiet!<\/span><\/span><\/h3>\n<\/div>\n<\/div>\n<div id=\"comp-mceoakyt1\" class=\"comp-mceoakyt1\" data-semantic-classname=\"button\"><\/div>\n<\/div><\/div><div class=\"w-separator size_small\"><\/div><div class=\"w-btn-wrapper align_center\"><a class=\"w-btn us-btn-style_10\" href=\"\/lv\/contacts\/\"><span class=\"w-btn-label\">SAZINIES AR MANI<\/span><\/a><\/div><\/div><\/div><\/div><\/div><\/section>\n","protected":false},"excerpt":{"rendered":"Priv\u0101tuma politika P\u0113d\u0113joreiz atjaunin\u0101ts: 2025. gada 30. apr\u012bl\u012b 1. Ievads \/ Ievads J\u016bsu priv\u0101tums man ir svar\u012bgs. \u0160aj\u0101 priv\u0101tuma politik\u0101 ir paskaidrots, k\u0101 es apkopoju, izmantoju un aizsarg\u0101ju j\u016bsu personas datus, kad j\u016bs apmekl\u0113jat \u0161o t\u012bmek\u013ca vietni vai sazin\u0101ties ar mani. J\u016bsu priv\u0101tums man ir svar\u012bgs. \u0160\u012b priv\u0101tuma politika izskaidro, k\u0101 tiek v\u0101kti, izmantoti un...","protected":false},"author":1,"featured_media":0,"parent":0,"menu_order":0,"comment_status":"closed","ping_status":"closed","template":"","meta":{"footnotes":""},"class_list":["post-1585","page","type-page","status-publish","hentry"],"yoast_head":"<!-- This site is optimized with the Yoast SEO plugin v27.2 - https:\/\/yoast.com\/product\/yoast-seo-wordpress\/ -->\n<title>Priv\u0101tuma politika | Fotogr\u0101fe Ksenija Avguste<\/title>\n<meta name=\"description\" content=\"Uzzini, k\u0101 tiek apstr\u0101d\u0101ti tavi dati, kad izmanto \u0161o vietni vai sazinies ar mani.\" \/>\n<meta name=\"robots\" content=\"noindex, follow\" \/>\n<meta property=\"og:locale\" content=\"lv_LV\" \/>\n<meta property=\"og:type\" content=\"article\" \/>\n<meta property=\"og:title\" content=\"Priv\u0101tuma politika | Fotogr\u0101fe Ksenija Avguste\" \/>\n<meta property=\"og:description\" content=\"Uzzini, k\u0101 tiek apstr\u0101d\u0101ti tavi dati, kad izmanto \u0161o vietni vai sazinies ar mani.\" \/>\n<meta property=\"og:url\" content=\"https:\/\/avguste.lv\/lv\/privacy-policy\/\" \/>\n<meta property=\"og:site_name\" content=\"KSENIJA AVGUSTE\" \/>\n<meta property=\"article:modified_time\" content=\"2026-03-31T11:26:31+00:00\" \/>\n<meta name=\"twitter:card\" content=\"summary_large_image\" \/>\n<meta name=\"twitter:title\" content=\"Priv\u0101tuma politika | Fotogr\u0101fe Ksenija Avguste\" \/>\n<meta name=\"twitter:description\" content=\"Uzzini, k\u0101 tiek apstr\u0101d\u0101ti tavi dati, kad izmanto \u0161o vietni vai sazinies ar mani.\" \/>\n<meta name=\"twitter:label1\" content=\"Est. reading time\" \/>\n\t<meta name=\"twitter:data1\" content=\"2 minutes\" \/>\n<script type=\"application\/ld+json\" class=\"yoast-schema-graph\">{\"@context\":\"https:\/\/schema.org\",\"@graph\":[{\"@type\":\"WebPage\",\"@id\":\"https:\/\/avguste.lv\/lv\/privacy-policy\/\",\"url\":\"https:\/\/avguste.lv\/lv\/privacy-policy\/\",\"name\":\"Priv\u0101tuma politika | Fotogr\u0101fe Ksenija Avguste\",\"isPartOf\":{\"@id\":\"https:\/\/avguste.lv\/#website\"},\"datePublished\":\"2026-03-30T13:30:19+00:00\",\"dateModified\":\"2026-03-31T11:26:31+00:00\",\"description\":\"Uzzini, k\u0101 tiek apstr\u0101d\u0101ti tavi dati, kad izmanto \u0161o vietni vai sazinies ar mani.\",\"breadcrumb\":{\"@id\":\"https:\/\/avguste.lv\/lv\/privacy-policy\/#breadcrumb\"},\"inLanguage\":\"lv-LV\",\"potentialAction\":[{\"@type\":\"ReadAction\",\"target\":[\"https:\/\/avguste.lv\/lv\/privacy-policy\/\"]}]},{\"@type\":\"BreadcrumbList\",\"@id\":\"https:\/\/avguste.lv\/lv\/privacy-policy\/#breadcrumb\",\"itemListElement\":[{\"@type\":\"ListItem\",\"position\":1,\"name\":\"\u0413\u043b\u0430\u0432\u043d\u0430\u044f \u0441\u0442\u0440\u0430\u043d\u0438\u0446\u0430\",\"item\":\"https:\/\/avguste.lv\/lv\/\"},{\"@type\":\"ListItem\",\"position\":2,\"name\":\"Privacy Policy\"}]},{\"@type\":\"WebSite\",\"@id\":\"https:\/\/avguste.lv\/#website\",\"url\":\"https:\/\/avguste.lv\/\",\"name\":\"KSENIJA AVGUSTE\",\"description\":\"\",\"potentialAction\":[{\"@type\":\"SearchAction\",\"target\":{\"@type\":\"EntryPoint\",\"urlTemplate\":\"https:\/\/avguste.lv\/?s={search_term_string}\"},\"query-input\":{\"@type\":\"PropertyValueSpecification\",\"valueRequired\":true,\"valueName\":\"search_term_string\"}}],\"inLanguage\":\"lv-LV\"}]}<\/script>\n<!-- \/ Yoast SEO plugin. -->","yoast_head_json":{"title":"Priv\u0101tuma politika | Fotogr\u0101fe Ksenija Avguste","description":"Uzzini, k\u0101 tiek apstr\u0101d\u0101ti tavi dati, kad izmanto \u0161o vietni vai sazinies ar mani.","robots":{"index":"noindex","follow":"follow"},"og_locale":"lv_LV","og_type":"article","og_title":"Priv\u0101tuma politika | Fotogr\u0101fe Ksenija Avguste","og_description":"Uzzini, k\u0101 tiek apstr\u0101d\u0101ti tavi dati, kad izmanto \u0161o vietni vai sazinies ar mani.","og_url":"https:\/\/avguste.lv\/lv\/privacy-policy\/","og_site_name":"KSENIJA AVGUSTE","article_modified_time":"2026-03-31T11:26:31+00:00","twitter_card":"summary_large_image","twitter_title":"Priv\u0101tuma politika | Fotogr\u0101fe Ksenija Avguste","twitter_description":"Uzzini, k\u0101 tiek apstr\u0101d\u0101ti tavi dati, kad izmanto \u0161o vietni vai sazinies ar mani.","twitter_misc":{"Est. reading time":"2 minutes"},"schema":{"@context":"https:\/\/schema.org","@graph":[{"@type":"WebPage","@id":"https:\/\/avguste.lv\/lv\/privacy-policy\/","url":"https:\/\/avguste.lv\/lv\/privacy-policy\/","name":"Priv\u0101tuma politika | Fotogr\u0101fe Ksenija Avguste","isPartOf":{"@id":"https:\/\/avguste.lv\/#website"},"datePublished":"2026-03-30T13:30:19+00:00","dateModified":"2026-03-31T11:26:31+00:00","description":"Uzzini, k\u0101 tiek apstr\u0101d\u0101ti tavi dati, kad izmanto \u0161o vietni vai sazinies ar mani.","breadcrumb":{"@id":"https:\/\/avguste.lv\/lv\/privacy-policy\/#breadcrumb"},"inLanguage":"lv-LV","potentialAction":[{"@type":"ReadAction","target":["https:\/\/avguste.lv\/lv\/privacy-policy\/"]}]},{"@type":"BreadcrumbList","@id":"https:\/\/avguste.lv\/lv\/privacy-policy\/#breadcrumb","itemListElement":[{"@type":"ListItem","position":1,"name":"\u0413\u043b\u0430\u0432\u043d\u0430\u044f \u0441\u0442\u0440\u0430\u043d\u0438\u0446\u0430","item":"https:\/\/avguste.lv\/lv\/"},{"@type":"ListItem","position":2,"name":"Privacy Policy"}]},{"@type":"WebSite","@id":"https:\/\/avguste.lv\/#website","url":"https:\/\/avguste.lv\/","name":"KSENIJA AVGUSTE","description":"","potentialAction":[{"@type":"SearchAction","target":{"@type":"EntryPoint","urlTemplate":"https:\/\/avguste.lv\/?s={search_term_string}"},"query-input":{"@type":"PropertyValueSpecification","valueRequired":true,"valueName":"search_term_string"}}],"inLanguage":"lv-LV"}]}},"_links":{"self":[{"href":"https:\/\/avguste.lv\/lv\/wp-json\/wp\/v2\/pages\/1585","targetHints":{"allow":["GET"]}}],"collection":[{"href":"https:\/\/avguste.lv\/lv\/wp-json\/wp\/v2\/pages"}],"about":[{"href":"https:\/\/avguste.lv\/lv\/wp-json\/wp\/v2\/types\/page"}],"author":[{"embeddable":true,"href":"https:\/\/avguste.lv\/lv\/wp-json\/wp\/v2\/users\/1"}],"replies":[{"embeddable":true,"href":"https:\/\/avguste.lv\/lv\/wp-json\/wp\/v2\/comments?post=1585"}],"version-history":[{"count":4,"href":"https:\/\/avguste.lv\/lv\/wp-json\/wp\/v2\/pages\/1585\/revisions"}],"predecessor-version":[{"id":1589,"href":"https:\/\/avguste.lv\/lv\/wp-json\/wp\/v2\/pages\/1585\/revisions\/1589"}],"wp:attachment":[{"href":"https:\/\/avguste.lv\/lv\/wp-json\/wp\/v2\/media?parent=1585"}],"curies":[{"name":"wp","href":"https:\/\/api.w.org\/{rel}","templated":true}]}}