{"id":1590,"date":"2026-03-31T10:57:05","date_gmt":"2026-03-31T07:57:05","guid":{"rendered":"https:\/\/avguste.lv\/studio\/"},"modified":"2026-03-31T14:29:14","modified_gmt":"2026-03-31T11:29:14","slug":"studio","status":"publish","type":"page","link":"https:\/\/avguste.lv\/lv\/studio\/","title":{"rendered":"Studija"},"content":{"rendered":"<section class=\"l-section wpb_row height_small\"><div class=\"l-section-h i-cf\"><div class=\"g-cols vc_row via_grid cols_1 laptops-cols_inherit tablets-cols_inherit mobiles-cols_1 valign_top type_default stacking_default\"><div class=\"wpb_column vc_column_container\"><div class=\"vc_column-inner\"><div class=\"w-separator size_huge\"><\/div><div class=\"wpb_text_column us_custom_eb849559\"><div class=\"wpb_wrapper\"><div id=\"comp-m9bftfe8\" class=\"ku3DBC zQ9jDz qvSjx3 Vq6kJx comp-m9bftfe8 wixui-rich-text\" data-testid=\"richTextElement\">\n<section id=\"comp-mckmylv7\" class=\"Oqnisf comp-mckmylv7 wixui-section\" tabindex=\"-1\" data-block-level-container=\"ClassicSection\">\n<div class=\"\" data-mesh-id=\"comp-mckmylv7inlineContent\" data-testid=\"inline-content\">\n<div data-mesh-id=\"comp-mckmylv7inlineContent-gridContainer\" data-testid=\"mesh-container-content\">\n<div id=\"comp-mckmyoot\" class=\"ku3DBC zQ9jDz qvSjx3 Vq6kJx comp-mckmyoot wixui-rich-text\" data-testid=\"richTextElement\">\n<h1 class=\"font_0 wixui-rich-text__text\">Studijas fotogr\u0101fs Latvij\u0101<\/h1>\n<\/div>\n<\/div>\n<\/div>\n<\/section>\n<section id=\"comp-mceoakym1\" class=\"Oqnisf comp-mceoakym1 wixui-section\" tabindex=\"-1\" data-block-level-container=\"ClassicSection\">\n<div id=\"bgLayers_comp-mceoakym1\" class=\"MW5IWV\" data-hook=\"bgLayers\" data-motion-part=\"BG_LAYER comp-mceoakym1\"><\/div>\n<\/section>\n<\/div>\n<div id=\"comp-m9bftfea1\" class=\"ku3DBC zQ9jDz qvSjx3 Vq6kJx comp-m9bftfea1 wixui-rich-text\" data-testid=\"richTextElement\"><\/div>\n<\/div><\/div><\/div><\/div><\/div><\/div><\/section><section class=\"l-section wpb_row height_small\"><div class=\"l-section-h i-cf\"><div class=\"g-cols vc_row via_grid cols_1 laptops-cols_inherit tablets-cols_inherit mobiles-cols_1 valign_top type_default stacking_default\"><div class=\"wpb_column vc_column_container\"><div class=\"vc_column-inner\"><div class=\"w-grid type_grid layout_289 cols_3 pagination_ajax ratio_1x1\" id=\"us_grid_1\" style=\"--gap:0.5rem;\" data-filterable=\"true\"><style>@media (max-width:1024px){#us_grid_1 .w-grid-item{width:50%}#us_grid_1 .w-grid-item.size_2x1,#us_grid_1 .w-grid-item.size_2x2{width:100%}}@media (max-width:600px){#us_grid_1 .w-grid-item{width:50%}#us_grid_1 .w-grid-item.size_2x1,#us_grid_1 .w-grid-item.size_2x2{width:100%}}.layout_289 .w-grid-item-h:before{padding-bottom:100%}@media (min-width:601px){.layout_289 .w-grid-item.size_1x2 .w-grid-item-h:before{padding-bottom:calc(200% + var(--gap,0px) * 2)}.layout_289 .w-grid-item.size_2x1 .w-grid-item-h:before{padding-bottom:calc(50% - var(--gap,0px) * 1)}.layout_289 .w-grid-item.size_2x2 .w-grid-item-h:before{padding-bottom:calc(100% - var(--gap,0px) * 0)}}.layout_289 .w-grid-item-h{}.layout_289 .usg_post_image_1{position:absolute!important;left:0!important;top:0!important;bottom:0!important;right:0!important}<\/style><div class=\"w-grid-list\">\t<article class=\"w-grid-item size_1x1 post-1467 attachment type-attachment status-inherit hentry\" data-id=\"1467\">\r\n\t\t<div class=\"w-grid-item-h\">\r\n\t\t\t\t\t\t\t<a ref=\"magnificPopupGrid\" href=\"https:\/\/avguste.lv\/wp-content\/uploads\/2026\/03\/19b6d1_fc3752ff8e494f88b5ffb7018de7337c-mv2-1.jpg\" class=\"w-grid-item-anchor\" aria-label=\"19b6d1_fc3752ff8e494f88b5ffb7018de7337c-mv2 (1)\"><\/a>\r\n\t\t\t\t\t\t<div class=\"w-post-elm post_image usg_post_image_1 has_ratio\"><img loading=\"lazy\" decoding=\"async\" width=\"622\" height=\"934\" src=\"https:\/\/avguste.lv\/wp-content\/uploads\/2026\/03\/19b6d1_fc3752ff8e494f88b5ffb7018de7337c-mv2-1.jpg\" class=\"attachment-large size-large\" alt=\"\" srcset=\"https:\/\/avguste.lv\/wp-content\/uploads\/2026\/03\/19b6d1_fc3752ff8e494f88b5ffb7018de7337c-mv2-1.jpg 622w, https:\/\/avguste.lv\/wp-content\/uploads\/2026\/03\/19b6d1_fc3752ff8e494f88b5ffb7018de7337c-mv2-1-200x300.jpg 200w\" sizes=\"auto, (max-width: 622px) 100vw, 622px\" \/><div style=\"padding-bottom:150%\"><\/div><\/div>\t\t<\/div>\r\n\t\t\t<\/article>\r\n\t<article class=\"w-grid-item size_1x1 post-1466 attachment type-attachment status-inherit hentry\" data-id=\"1466\">\r\n\t\t<div class=\"w-grid-item-h\">\r\n\t\t\t\t\t\t\t<a ref=\"magnificPopupGrid\" href=\"https:\/\/avguste.lv\/wp-content\/uploads\/2026\/03\/19b6d1_f713e9e5a5aa4972ae6cb0e952cec554-mv2-1.jpg\" class=\"w-grid-item-anchor\" aria-label=\"19b6d1_f713e9e5a5aa4972ae6cb0e952cec554-mv2 (1)\"><\/a>\r\n\t\t\t\t\t\t<div class=\"w-post-elm post_image usg_post_image_1 has_ratio\"><img loading=\"lazy\" decoding=\"async\" width=\"580\" height=\"872\" src=\"https:\/\/avguste.lv\/wp-content\/uploads\/2026\/03\/19b6d1_f713e9e5a5aa4972ae6cb0e952cec554-mv2-1.jpg\" class=\"attachment-large size-large\" alt=\"\" srcset=\"https:\/\/avguste.lv\/wp-content\/uploads\/2026\/03\/19b6d1_f713e9e5a5aa4972ae6cb0e952cec554-mv2-1.jpg 580w, https:\/\/avguste.lv\/wp-content\/uploads\/2026\/03\/19b6d1_f713e9e5a5aa4972ae6cb0e952cec554-mv2-1-200x300.jpg 200w\" sizes=\"auto, (max-width: 580px) 100vw, 580px\" \/><div style=\"padding-bottom:150%\"><\/div><\/div>\t\t<\/div>\r\n\t\t\t<\/article>\r\n\t<article class=\"w-grid-item size_1x1 post-1465 attachment type-attachment status-inherit hentry\" data-id=\"1465\">\r\n\t\t<div class=\"w-grid-item-h\">\r\n\t\t\t\t\t\t\t<a ref=\"magnificPopupGrid\" href=\"https:\/\/avguste.lv\/wp-content\/uploads\/2026\/03\/19b6d1_f9a1f559c2724370810b909282137ede-mv2-1.jpg\" class=\"w-grid-item-anchor\" aria-label=\"19b6d1_f9a1f559c2724370810b909282137ede-mv2 (1)\"><\/a>\r\n\t\t\t\t\t\t<div class=\"w-post-elm post_image usg_post_image_1 has_ratio\"><img loading=\"lazy\" decoding=\"async\" width=\"622\" height=\"934\" src=\"https:\/\/avguste.lv\/wp-content\/uploads\/2026\/03\/19b6d1_f9a1f559c2724370810b909282137ede-mv2-1.jpg\" class=\"attachment-large size-large\" alt=\"\" srcset=\"https:\/\/avguste.lv\/wp-content\/uploads\/2026\/03\/19b6d1_f9a1f559c2724370810b909282137ede-mv2-1.jpg 622w, https:\/\/avguste.lv\/wp-content\/uploads\/2026\/03\/19b6d1_f9a1f559c2724370810b909282137ede-mv2-1-200x300.jpg 200w\" sizes=\"auto, (max-width: 622px) 100vw, 622px\" \/><div style=\"padding-bottom:150%\"><\/div><\/div>\t\t<\/div>\r\n\t\t\t<\/article>\r\n\t<article class=\"w-grid-item size_1x1 post-1464 attachment type-attachment status-inherit hentry\" data-id=\"1464\">\r\n\t\t<div class=\"w-grid-item-h\">\r\n\t\t\t\t\t\t\t<a ref=\"magnificPopupGrid\" href=\"https:\/\/avguste.lv\/wp-content\/uploads\/2026\/03\/19b6d1_f5d2e38327a04b8986050981e3496cfb-mv2-1.jpg\" class=\"w-grid-item-anchor\" aria-label=\"19b6d1_f5d2e38327a04b8986050981e3496cfb-mv2 (1)\"><\/a>\r\n\t\t\t\t\t\t<div class=\"w-post-elm post_image usg_post_image_1 has_ratio\"><img loading=\"lazy\" decoding=\"async\" width=\"622\" height=\"934\" src=\"https:\/\/avguste.lv\/wp-content\/uploads\/2026\/03\/19b6d1_f5d2e38327a04b8986050981e3496cfb-mv2-1.jpg\" class=\"attachment-large size-large\" alt=\"\" srcset=\"https:\/\/avguste.lv\/wp-content\/uploads\/2026\/03\/19b6d1_f5d2e38327a04b8986050981e3496cfb-mv2-1.jpg 622w, https:\/\/avguste.lv\/wp-content\/uploads\/2026\/03\/19b6d1_f5d2e38327a04b8986050981e3496cfb-mv2-1-200x300.jpg 200w\" sizes=\"auto, (max-width: 622px) 100vw, 622px\" \/><div style=\"padding-bottom:150%\"><\/div><\/div>\t\t<\/div>\r\n\t\t\t<\/article>\r\n\t<article class=\"w-grid-item size_1x1 post-1463 attachment type-attachment status-inherit hentry\" data-id=\"1463\">\r\n\t\t<div class=\"w-grid-item-h\">\r\n\t\t\t\t\t\t\t<a ref=\"magnificPopupGrid\" href=\"https:\/\/avguste.lv\/wp-content\/uploads\/2026\/03\/19b6d1_f1dd51680808455cb5a765256a827f3e-mv2-1.jpg\" class=\"w-grid-item-anchor\" aria-label=\"19b6d1_f1dd51680808455cb5a765256a827f3e-mv2 (1)\"><\/a>\r\n\t\t\t\t\t\t<div class=\"w-post-elm post_image usg_post_image_1 has_ratio\"><img loading=\"lazy\" decoding=\"async\" width=\"624\" height=\"934\" src=\"https:\/\/avguste.lv\/wp-content\/uploads\/2026\/03\/19b6d1_f1dd51680808455cb5a765256a827f3e-mv2-1.jpg\" class=\"attachment-large size-large\" alt=\"\" srcset=\"https:\/\/avguste.lv\/wp-content\/uploads\/2026\/03\/19b6d1_f1dd51680808455cb5a765256a827f3e-mv2-1.jpg 624w, https:\/\/avguste.lv\/wp-content\/uploads\/2026\/03\/19b6d1_f1dd51680808455cb5a765256a827f3e-mv2-1-200x300.jpg 200w\" sizes=\"auto, (max-width: 624px) 100vw, 624px\" \/><div style=\"padding-bottom:150%\"><\/div><\/div>\t\t<\/div>\r\n\t\t\t<\/article>\r\n\t<article class=\"w-grid-item size_1x1 post-1462 attachment type-attachment status-inherit hentry\" data-id=\"1462\">\r\n\t\t<div class=\"w-grid-item-h\">\r\n\t\t\t\t\t\t\t<a ref=\"magnificPopupGrid\" href=\"https:\/\/avguste.lv\/wp-content\/uploads\/2026\/03\/19b6d1_ef53fdb433ed4a858288d146392cd6d8-mv2-1.jpg\" class=\"w-grid-item-anchor\" aria-label=\"19b6d1_ef53fdb433ed4a858288d146392cd6d8-mv2 (1)\"><\/a>\r\n\t\t\t\t\t\t<div class=\"w-post-elm post_image usg_post_image_1 has_ratio\"><img loading=\"lazy\" decoding=\"async\" width=\"624\" height=\"934\" src=\"https:\/\/avguste.lv\/wp-content\/uploads\/2026\/03\/19b6d1_ef53fdb433ed4a858288d146392cd6d8-mv2-1.jpg\" class=\"attachment-large size-large\" alt=\"\" srcset=\"https:\/\/avguste.lv\/wp-content\/uploads\/2026\/03\/19b6d1_ef53fdb433ed4a858288d146392cd6d8-mv2-1.jpg 624w, https:\/\/avguste.lv\/wp-content\/uploads\/2026\/03\/19b6d1_ef53fdb433ed4a858288d146392cd6d8-mv2-1-200x300.jpg 200w\" sizes=\"auto, (max-width: 624px) 100vw, 624px\" \/><div style=\"padding-bottom:150%\"><\/div><\/div>\t\t<\/div>\r\n\t\t\t<\/article>\r\n\t<article class=\"w-grid-item size_1x1 post-1461 attachment type-attachment status-inherit hentry\" data-id=\"1461\">\r\n\t\t<div class=\"w-grid-item-h\">\r\n\t\t\t\t\t\t\t<a ref=\"magnificPopupGrid\" href=\"https:\/\/avguste.lv\/wp-content\/uploads\/2026\/03\/19b6d1_ecddfa3cea8d4075abdf4142161359fd-mv2-1.jpg\" class=\"w-grid-item-anchor\" aria-label=\"19b6d1_ecddfa3cea8d4075abdf4142161359fd-mv2 (1)\"><\/a>\r\n\t\t\t\t\t\t<div class=\"w-post-elm post_image usg_post_image_1 has_ratio\"><img loading=\"lazy\" decoding=\"async\" width=\"624\" height=\"934\" src=\"https:\/\/avguste.lv\/wp-content\/uploads\/2026\/03\/19b6d1_ecddfa3cea8d4075abdf4142161359fd-mv2-1.jpg\" class=\"attachment-large size-large\" alt=\"\" srcset=\"https:\/\/avguste.lv\/wp-content\/uploads\/2026\/03\/19b6d1_ecddfa3cea8d4075abdf4142161359fd-mv2-1.jpg 624w, https:\/\/avguste.lv\/wp-content\/uploads\/2026\/03\/19b6d1_ecddfa3cea8d4075abdf4142161359fd-mv2-1-200x300.jpg 200w\" sizes=\"auto, (max-width: 624px) 100vw, 624px\" \/><div style=\"padding-bottom:150%\"><\/div><\/div>\t\t<\/div>\r\n\t\t\t<\/article>\r\n\t<article class=\"w-grid-item size_1x1 post-1460 attachment type-attachment status-inherit hentry\" data-id=\"1460\">\r\n\t\t<div class=\"w-grid-item-h\">\r\n\t\t\t\t\t\t\t<a ref=\"magnificPopupGrid\" href=\"https:\/\/avguste.lv\/wp-content\/uploads\/2026\/03\/19b6d1_ec92f174ff43489ea9b24e5a052fcfe0-mv2-1.jpg\" class=\"w-grid-item-anchor\" aria-label=\"19b6d1_ec92f174ff43489ea9b24e5a052fcfe0-mv2 (1)\"><\/a>\r\n\t\t\t\t\t\t<div class=\"w-post-elm post_image usg_post_image_1 has_ratio\"><img loading=\"lazy\" decoding=\"async\" width=\"624\" height=\"934\" src=\"https:\/\/avguste.lv\/wp-content\/uploads\/2026\/03\/19b6d1_ec92f174ff43489ea9b24e5a052fcfe0-mv2-1.jpg\" class=\"attachment-large size-large\" alt=\"\" srcset=\"https:\/\/avguste.lv\/wp-content\/uploads\/2026\/03\/19b6d1_ec92f174ff43489ea9b24e5a052fcfe0-mv2-1.jpg 624w, https:\/\/avguste.lv\/wp-content\/uploads\/2026\/03\/19b6d1_ec92f174ff43489ea9b24e5a052fcfe0-mv2-1-200x300.jpg 200w\" sizes=\"auto, (max-width: 624px) 100vw, 624px\" \/><div style=\"padding-bottom:150%\"><\/div><\/div>\t\t<\/div>\r\n\t\t\t<\/article>\r\n\t<article class=\"w-grid-item size_1x1 post-1459 attachment type-attachment status-inherit hentry\" data-id=\"1459\">\r\n\t\t<div class=\"w-grid-item-h\">\r\n\t\t\t\t\t\t\t<a ref=\"magnificPopupGrid\" href=\"https:\/\/avguste.lv\/wp-content\/uploads\/2026\/03\/19b6d1_e203103265c44ed68ba20b8b36501482-mv2-1.jpg\" class=\"w-grid-item-anchor\" aria-label=\"19b6d1_e203103265c44ed68ba20b8b36501482-mv2 (1)\"><\/a>\r\n\t\t\t\t\t\t<div class=\"w-post-elm post_image usg_post_image_1 has_ratio\"><img loading=\"lazy\" decoding=\"async\" width=\"624\" height=\"934\" src=\"https:\/\/avguste.lv\/wp-content\/uploads\/2026\/03\/19b6d1_e203103265c44ed68ba20b8b36501482-mv2-1.jpg\" class=\"attachment-large size-large\" alt=\"\" srcset=\"https:\/\/avguste.lv\/wp-content\/uploads\/2026\/03\/19b6d1_e203103265c44ed68ba20b8b36501482-mv2-1.jpg 624w, https:\/\/avguste.lv\/wp-content\/uploads\/2026\/03\/19b6d1_e203103265c44ed68ba20b8b36501482-mv2-1-200x300.jpg 200w\" sizes=\"auto, (max-width: 624px) 100vw, 624px\" \/><div style=\"padding-bottom:150%\"><\/div><\/div>\t\t<\/div>\r\n\t\t\t<\/article>\r\n\t<article class=\"w-grid-item size_1x1 post-1458 attachment type-attachment status-inherit hentry\" data-id=\"1458\">\r\n\t\t<div class=\"w-grid-item-h\">\r\n\t\t\t\t\t\t\t<a ref=\"magnificPopupGrid\" href=\"https:\/\/avguste.lv\/wp-content\/uploads\/2026\/03\/19b6d1_e1357b12beff4f6ab858d3b9b82fe6ed-mv2-1.jpg\" class=\"w-grid-item-anchor\" aria-label=\"19b6d1_e1357b12beff4f6ab858d3b9b82fe6ed-mv2 (1)\"><\/a>\r\n\t\t\t\t\t\t<div class=\"w-post-elm post_image usg_post_image_1 has_ratio\"><img loading=\"lazy\" decoding=\"async\" width=\"624\" height=\"934\" src=\"https:\/\/avguste.lv\/wp-content\/uploads\/2026\/03\/19b6d1_e1357b12beff4f6ab858d3b9b82fe6ed-mv2-1.jpg\" class=\"attachment-large size-large\" alt=\"\" srcset=\"https:\/\/avguste.lv\/wp-content\/uploads\/2026\/03\/19b6d1_e1357b12beff4f6ab858d3b9b82fe6ed-mv2-1.jpg 624w, https:\/\/avguste.lv\/wp-content\/uploads\/2026\/03\/19b6d1_e1357b12beff4f6ab858d3b9b82fe6ed-mv2-1-200x300.jpg 200w\" sizes=\"auto, (max-width: 624px) 100vw, 624px\" \/><div style=\"padding-bottom:150%\"><\/div><\/div>\t\t<\/div>\r\n\t\t\t<\/article>\r\n\t<article class=\"w-grid-item size_1x1 post-1457 attachment type-attachment status-inherit hentry\" data-id=\"1457\">\r\n\t\t<div class=\"w-grid-item-h\">\r\n\t\t\t\t\t\t\t<a ref=\"magnificPopupGrid\" href=\"https:\/\/avguste.lv\/wp-content\/uploads\/2026\/03\/19b6d1_e5ddfef6901c4cb68249af18b50164c5-mv2-1.jpg\" class=\"w-grid-item-anchor\" aria-label=\"19b6d1_e5ddfef6901c4cb68249af18b50164c5-mv2 (1)\"><\/a>\r\n\t\t\t\t\t\t<div class=\"w-post-elm post_image usg_post_image_1 has_ratio\"><img loading=\"lazy\" decoding=\"async\" width=\"440\" height=\"660\" src=\"https:\/\/avguste.lv\/wp-content\/uploads\/2026\/03\/19b6d1_e5ddfef6901c4cb68249af18b50164c5-mv2-1.jpg\" class=\"attachment-large size-large\" alt=\"\" srcset=\"https:\/\/avguste.lv\/wp-content\/uploads\/2026\/03\/19b6d1_e5ddfef6901c4cb68249af18b50164c5-mv2-1.jpg 440w, https:\/\/avguste.lv\/wp-content\/uploads\/2026\/03\/19b6d1_e5ddfef6901c4cb68249af18b50164c5-mv2-1-200x300.jpg 200w\" sizes=\"auto, (max-width: 440px) 100vw, 440px\" \/><div style=\"padding-bottom:150%\"><\/div><\/div>\t\t<\/div>\r\n\t\t\t<\/article>\r\n\t<article class=\"w-grid-item size_1x1 post-1456 attachment type-attachment status-inherit hentry\" data-id=\"1456\">\r\n\t\t<div class=\"w-grid-item-h\">\r\n\t\t\t\t\t\t\t<a ref=\"magnificPopupGrid\" href=\"https:\/\/avguste.lv\/wp-content\/uploads\/2026\/03\/19b6d1_e2b1f1187bf849ffa9f1569143ca6720-mv2-1.jpg\" class=\"w-grid-item-anchor\" aria-label=\"19b6d1_e2b1f1187bf849ffa9f1569143ca6720-mv2 (1)\"><\/a>\r\n\t\t\t\t\t\t<div class=\"w-post-elm post_image usg_post_image_1 has_ratio\"><img loading=\"lazy\" decoding=\"async\" width=\"622\" height=\"934\" src=\"https:\/\/avguste.lv\/wp-content\/uploads\/2026\/03\/19b6d1_e2b1f1187bf849ffa9f1569143ca6720-mv2-1.jpg\" class=\"attachment-large size-large\" alt=\"\" srcset=\"https:\/\/avguste.lv\/wp-content\/uploads\/2026\/03\/19b6d1_e2b1f1187bf849ffa9f1569143ca6720-mv2-1.jpg 622w, https:\/\/avguste.lv\/wp-content\/uploads\/2026\/03\/19b6d1_e2b1f1187bf849ffa9f1569143ca6720-mv2-1-200x300.jpg 200w\" sizes=\"auto, (max-width: 622px) 100vw, 622px\" \/><div style=\"padding-bottom:150%\"><\/div><\/div>\t\t<\/div>\r\n\t\t\t<\/article>\r\n<\/div><div class=\"w-grid-preloader\">\t<div class=\"g-preloader type_1\">\r\n\t\t<div><\/div>\r\n\t<\/div>\r\n\t<\/div>\t\t\t<div class=\"g-loadmore \">\r\n\t\t\t\t<div class=\"g-preloader type_1\">\r\n\t\t\t\t\t<div><\/div>\r\n\t\t\t\t<\/div>\r\n\t\t\t\t<button class=\"w-btn us-btn-style_1\">\r\n\t\t\t\t\t<span class=\"w-btn-label\">R\u0101d\u012bt vair\u0101k<\/span>\r\n\t\t\t\t<\/button>\r\n\t\t\t<\/div>\r\n\t\t\t\t<div class=\"w-grid-json hidden\" onclick='return {&quot;action&quot;:&quot;us_ajax_grid&quot;,&quot;infinite_scroll&quot;:0,&quot;max_num_pages&quot;:6,&quot;pagination&quot;:&quot;ajax&quot;,&quot;template_vars&quot;:{&quot;columns&quot;:&quot;3&quot;,&quot;exclude_items&quot;:&quot;none&quot;,&quot;img_size&quot;:&quot;default&quot;,&quot;ignore_items_size&quot;:0,&quot;items_layout&quot;:&quot;289&quot;,&quot;items_offset&quot;:&quot;1&quot;,&quot;load_animation&quot;:&quot;none&quot;,&quot;overriding_link&quot;:&quot;%7B%22type%22%3A%22popup_image%22%7D&quot;,&quot;post_id&quot;:0,&quot;query_args&quot;:{&quot;post_type&quot;:[&quot;attachment&quot;],&quot;post__in&quot;:[&quot;994&quot;,&quot;995&quot;,&quot;996&quot;,&quot;998&quot;,&quot;999&quot;,&quot;1000&quot;,&quot;1002&quot;,&quot;1003&quot;,&quot;1004&quot;,&quot;1005&quot;,&quot;1006&quot;,&quot;1007&quot;,&quot;1008&quot;,&quot;1009&quot;,&quot;1010&quot;,&quot;1011&quot;,&quot;1012&quot;,&quot;1013&quot;,&quot;1014&quot;,&quot;1015&quot;,&quot;1016&quot;,&quot;1017&quot;,&quot;1018&quot;,&quot;1019&quot;,&quot;1020&quot;,&quot;1021&quot;,&quot;1022&quot;,&quot;1023&quot;,&quot;1024&quot;,&quot;1025&quot;,&quot;1026&quot;,&quot;1027&quot;,&quot;1028&quot;,&quot;1029&quot;,&quot;1030&quot;,&quot;1031&quot;,&quot;1032&quot;,&quot;1033&quot;,&quot;1034&quot;,&quot;1035&quot;,&quot;1036&quot;,&quot;1037&quot;,&quot;1038&quot;,&quot;1039&quot;,&quot;1040&quot;,&quot;1041&quot;,&quot;1042&quot;,&quot;1043&quot;,&quot;1044&quot;,&quot;1045&quot;,&quot;1046&quot;,&quot;1047&quot;,&quot;1048&quot;,&quot;1049&quot;,&quot;1050&quot;,&quot;1051&quot;,&quot;1052&quot;,&quot;1053&quot;,&quot;1054&quot;,&quot;1055&quot;,&quot;1056&quot;,&quot;1057&quot;,&quot;1058&quot;,&quot;1059&quot;,&quot;1060&quot;,&quot;1061&quot;],&quot;post_status&quot;:&quot;inherit&quot;,&quot;post_mime_type&quot;:&quot;image&quot;,&quot;posts_per_page&quot;:&quot;12&quot;},&quot;orderby_query_args&quot;:{&quot;orderby&quot;:{&quot;date&quot;:&quot;DESC&quot;}},&quot;type&quot;:&quot;grid&quot;,&quot;us_grid_post_type&quot;:&quot;attachment&quot;,&quot;us_grid_ajax_index&quot;:1,&quot;us_grid_filter_query_string&quot;:null,&quot;us_grid_index&quot;:1,&quot;page_args&quot;:[],&quot;lang&quot;:&quot;lv&quot;}}'><\/div>\r\n\t<\/div><\/div><\/div><\/div><\/div><\/section><section class=\"l-section wpb_row height_small\"><div class=\"l-section-overlay\" style=\"background:#fbf6f6\"><\/div><div class=\"l-section-h i-cf\"><div class=\"g-cols vc_row via_grid cols_1 laptops-cols_inherit tablets-cols_inherit mobiles-cols_1 valign_top type_default stacking_default\"><div class=\"wpb_column vc_column_container\"><div class=\"vc_column-inner\"><div class=\"wpb_text_column us_custom_eb849559\"><div class=\"wpb_wrapper\"><div id=\"comp-mceoakys2\" class=\"ku3DBC zQ9jDz qvSjx3 Vq6kJx comp-mceoakys2 wixui-rich-text\" data-testid=\"richTextElement\">\n<div id=\"comp-mceoakys2\" class=\"ku3DBC zQ9jDz qvSjx3 Vq6kJx comp-mceoakys2 wixui-rich-text\" data-testid=\"richTextElement\">\n<h3 class=\"font_2 wixui-rich-text__text\"><span class=\"wixui-rich-text__text\"><span class=\"color_37 wixui-rich-text__text\">V\u0113l ir jaut\u0101jumi? Dro\u0161i jaut\u0101jiet!<\/span><\/span><\/h3>\n<\/div>\n<\/div>\n<\/div><\/div><div class=\"w-separator size_small\"><\/div><div class=\"w-btn-wrapper align_center\"><a class=\"w-btn us-btn-style_10\" href=\"\/lv\/contacts\/\"><span class=\"w-btn-label\">SAZINIES AR MANI<\/span><\/a><\/div><\/div><\/div><\/div><\/div><\/section>\n","protected":false},"excerpt":{"rendered":"","protected":false},"author":1,"featured_media":0,"parent":0,"menu_order":0,"comment_status":"closed","ping_status":"closed","template":"","meta":{"footnotes":""},"class_list":["post-1590","page","type-page","status-publish","hentry"],"yoast_head":"<!-- This site is optimized with the Yoast SEO plugin v27.2 - https:\/\/yoast.com\/product\/yoast-seo-wordpress\/ -->\n<title>Studija | Trusted Photographer Ksenija Avguste<\/title>\n<meta name=\"robots\" content=\"index, follow, max-snippet:-1, max-image-preview:large, max-video-preview:-1\" \/>\n<link rel=\"canonical\" href=\"https:\/\/avguste.lv\/lv\/studio\/\" \/>\n<meta property=\"og:locale\" content=\"lv_LV\" \/>\n<meta property=\"og:type\" content=\"article\" \/>\n<meta property=\"og:title\" content=\"Studija | Trusted Photographer Ksenija Avguste\" \/>\n<meta property=\"og:url\" content=\"https:\/\/avguste.lv\/lv\/studio\/\" \/>\n<meta property=\"og:site_name\" content=\"KSENIJA AVGUSTE\" \/>\n<meta property=\"article:modified_time\" content=\"2026-03-31T11:29:14+00:00\" \/>\n<meta name=\"twitter:card\" content=\"summary_large_image\" \/>\n<meta name=\"twitter:title\" content=\"Studija | Trusted Photographer Ksenija Avguste\" \/>\n<meta name=\"twitter:label1\" content=\"Est. reading time\" \/>\n\t<meta name=\"twitter:data1\" content=\"1 minute\" \/>\n<script type=\"application\/ld+json\" class=\"yoast-schema-graph\">{\"@context\":\"https:\/\/schema.org\",\"@graph\":[{\"@type\":\"WebPage\",\"@id\":\"https:\/\/avguste.lv\/lv\/studio\/\",\"url\":\"https:\/\/avguste.lv\/lv\/studio\/\",\"name\":\"Studija | Trusted Photographer Ksenija Avguste\",\"isPartOf\":{\"@id\":\"https:\/\/avguste.lv\/#website\"},\"datePublished\":\"2026-03-31T07:57:05+00:00\",\"dateModified\":\"2026-03-31T11:29:14+00:00\",\"breadcrumb\":{\"@id\":\"https:\/\/avguste.lv\/lv\/studio\/#breadcrumb\"},\"inLanguage\":\"lv-LV\",\"potentialAction\":[{\"@type\":\"ReadAction\",\"target\":[\"https:\/\/avguste.lv\/lv\/studio\/\"]}]},{\"@type\":\"BreadcrumbList\",\"@id\":\"https:\/\/avguste.lv\/lv\/studio\/#breadcrumb\",\"itemListElement\":[{\"@type\":\"ListItem\",\"position\":1,\"name\":\"\u0413\u043b\u0430\u0432\u043d\u0430\u044f \u0441\u0442\u0440\u0430\u043d\u0438\u0446\u0430\",\"item\":\"https:\/\/avguste.lv\/lv\/\"},{\"@type\":\"ListItem\",\"position\":2,\"name\":\"Studija\"}]},{\"@type\":\"WebSite\",\"@id\":\"https:\/\/avguste.lv\/#website\",\"url\":\"https:\/\/avguste.lv\/\",\"name\":\"KSENIJA AVGUSTE\",\"description\":\"\",\"potentialAction\":[{\"@type\":\"SearchAction\",\"target\":{\"@type\":\"EntryPoint\",\"urlTemplate\":\"https:\/\/avguste.lv\/?s={search_term_string}\"},\"query-input\":{\"@type\":\"PropertyValueSpecification\",\"valueRequired\":true,\"valueName\":\"search_term_string\"}}],\"inLanguage\":\"lv-LV\"}]}<\/script>\n<!-- \/ Yoast SEO plugin. -->","yoast_head_json":{"title":"Studija | Trusted Photographer Ksenija Avguste","robots":{"index":"index","follow":"follow","max-snippet":"max-snippet:-1","max-image-preview":"max-image-preview:large","max-video-preview":"max-video-preview:-1"},"canonical":"https:\/\/avguste.lv\/lv\/studio\/","og_locale":"lv_LV","og_type":"article","og_title":"Studija | Trusted Photographer Ksenija Avguste","og_url":"https:\/\/avguste.lv\/lv\/studio\/","og_site_name":"KSENIJA AVGUSTE","article_modified_time":"2026-03-31T11:29:14+00:00","twitter_card":"summary_large_image","twitter_title":"Studija | Trusted Photographer Ksenija Avguste","twitter_misc":{"Est. reading time":"1 minute"},"schema":{"@context":"https:\/\/schema.org","@graph":[{"@type":"WebPage","@id":"https:\/\/avguste.lv\/lv\/studio\/","url":"https:\/\/avguste.lv\/lv\/studio\/","name":"Studija | Trusted Photographer Ksenija Avguste","isPartOf":{"@id":"https:\/\/avguste.lv\/#website"},"datePublished":"2026-03-31T07:57:05+00:00","dateModified":"2026-03-31T11:29:14+00:00","breadcrumb":{"@id":"https:\/\/avguste.lv\/lv\/studio\/#breadcrumb"},"inLanguage":"lv-LV","potentialAction":[{"@type":"ReadAction","target":["https:\/\/avguste.lv\/lv\/studio\/"]}]},{"@type":"BreadcrumbList","@id":"https:\/\/avguste.lv\/lv\/studio\/#breadcrumb","itemListElement":[{"@type":"ListItem","position":1,"name":"\u0413\u043b\u0430\u0432\u043d\u0430\u044f \u0441\u0442\u0440\u0430\u043d\u0438\u0446\u0430","item":"https:\/\/avguste.lv\/lv\/"},{"@type":"ListItem","position":2,"name":"Studija"}]},{"@type":"WebSite","@id":"https:\/\/avguste.lv\/#website","url":"https:\/\/avguste.lv\/","name":"KSENIJA AVGUSTE","description":"","potentialAction":[{"@type":"SearchAction","target":{"@type":"EntryPoint","urlTemplate":"https:\/\/avguste.lv\/?s={search_term_string}"},"query-input":{"@type":"PropertyValueSpecification","valueRequired":true,"valueName":"search_term_string"}}],"inLanguage":"lv-LV"}]}},"_links":{"self":[{"href":"https:\/\/avguste.lv\/lv\/wp-json\/wp\/v2\/pages\/1590","targetHints":{"allow":["GET"]}}],"collection":[{"href":"https:\/\/avguste.lv\/lv\/wp-json\/wp\/v2\/pages"}],"about":[{"href":"https:\/\/avguste.lv\/lv\/wp-json\/wp\/v2\/types\/page"}],"author":[{"embeddable":true,"href":"https:\/\/avguste.lv\/lv\/wp-json\/wp\/v2\/users\/1"}],"replies":[{"embeddable":true,"href":"https:\/\/avguste.lv\/lv\/wp-json\/wp\/v2\/comments?post=1590"}],"version-history":[{"count":4,"href":"https:\/\/avguste.lv\/lv\/wp-json\/wp\/v2\/pages\/1590\/revisions"}],"predecessor-version":[{"id":1594,"href":"https:\/\/avguste.lv\/lv\/wp-json\/wp\/v2\/pages\/1590\/revisions\/1594"}],"wp:attachment":[{"href":"https:\/\/avguste.lv\/lv\/wp-json\/wp\/v2\/media?parent=1590"}],"curies":[{"name":"wp","href":"https:\/\/api.w.org\/{rel}","templated":true}]}}