{"id":1596,"date":"2026-03-31T11:06:50","date_gmt":"2026-03-31T08:06:50","guid":{"rendered":"https:\/\/avguste.lv\/workplace\/"},"modified":"2026-03-31T14:31:28","modified_gmt":"2026-03-31T11:31:28","slug":"workplace","status":"publish","type":"page","link":"https:\/\/avguste.lv\/lv\/workplace\/","title":{"rendered":"Darbavieta"},"content":{"rendered":"<section class=\"l-section wpb_row height_small\"><div class=\"l-section-h i-cf\"><div class=\"g-cols vc_row via_grid cols_1 laptops-cols_inherit tablets-cols_inherit mobiles-cols_1 valign_top type_default stacking_default\"><div class=\"wpb_column vc_column_container\"><div class=\"vc_column-inner\"><div class=\"w-separator size_huge\"><\/div><div class=\"wpb_text_column us_custom_eb849559\"><div class=\"wpb_wrapper\"><div id=\"comp-m9bftfe8\" class=\"ku3DBC zQ9jDz qvSjx3 Vq6kJx comp-m9bftfe8 wixui-rich-text\" data-testid=\"richTextElement\">\n<section id=\"comp-mckmylv7\" class=\"Oqnisf comp-mckmylv7 wixui-section\" tabindex=\"-1\" data-block-level-container=\"ClassicSection\">\n<div class=\"\" data-mesh-id=\"comp-mckmylv7inlineContent\" data-testid=\"inline-content\">\n<div data-mesh-id=\"comp-mckmylv7inlineContent-gridContainer\" data-testid=\"mesh-container-content\">\n<div id=\"comp-mckmyoot\" class=\"ku3DBC zQ9jDz qvSjx3 Vq6kJx comp-mckmyoot wixui-rich-text\" data-testid=\"richTextElement\">\n<h1 class=\"font_0 wixui-rich-text__text\">Darba vietas fotogr\u0101fs Latvij\u0101<\/h1>\n<\/div>\n<\/div>\n<\/div>\n<\/section>\n<section id=\"comp-mceoakym1\" class=\"Oqnisf comp-mceoakym1 wixui-section\" tabindex=\"-1\" data-block-level-container=\"ClassicSection\">\n<div id=\"bgLayers_comp-mceoakym1\" class=\"MW5IWV\" data-hook=\"bgLayers\" data-motion-part=\"BG_LAYER comp-mceoakym1\"><\/div>\n<\/section>\n<\/div>\n<div id=\"comp-m9bftfea1\" class=\"ku3DBC zQ9jDz qvSjx3 Vq6kJx comp-m9bftfea1 wixui-rich-text\" data-testid=\"richTextElement\"><\/div>\n<\/div><\/div><\/div><\/div><\/div><\/div><\/section><section class=\"l-section wpb_row height_small\"><div class=\"l-section-h i-cf\"><div class=\"g-cols vc_row via_grid cols_1 laptops-cols_inherit tablets-cols_inherit mobiles-cols_1 valign_top type_default stacking_default\"><div class=\"wpb_column vc_column_container\"><div class=\"vc_column-inner\"><div class=\"w-grid type_grid layout_289 cols_3 pagination_ajax ratio_1x1\" id=\"us_grid_1\" style=\"--gap:0.5rem;\" data-filterable=\"true\"><style>@media (max-width:1024px){#us_grid_1 .w-grid-item{width:50%}#us_grid_1 .w-grid-item.size_2x1,#us_grid_1 .w-grid-item.size_2x2{width:100%}}@media (max-width:600px){#us_grid_1 .w-grid-item{width:50%}#us_grid_1 .w-grid-item.size_2x1,#us_grid_1 .w-grid-item.size_2x2{width:100%}}.layout_289 .w-grid-item-h:before{padding-bottom:100%}@media (min-width:601px){.layout_289 .w-grid-item.size_1x2 .w-grid-item-h:before{padding-bottom:calc(200% + var(--gap,0px) * 2)}.layout_289 .w-grid-item.size_2x1 .w-grid-item-h:before{padding-bottom:calc(50% - var(--gap,0px) * 1)}.layout_289 .w-grid-item.size_2x2 .w-grid-item-h:before{padding-bottom:calc(100% - var(--gap,0px) * 0)}}.layout_289 .w-grid-item-h{}.layout_289 .usg_post_image_1{position:absolute!important;left:0!important;top:0!important;bottom:0!important;right:0!important}<\/style><div class=\"w-grid-list\">\t<article class=\"w-grid-item size_1x1 post-1521 attachment type-attachment status-inherit hentry\" data-id=\"1521\">\r\n\t\t<div class=\"w-grid-item-h\">\r\n\t\t\t\t\t\t\t<a ref=\"magnificPopupGrid\" href=\"https:\/\/avguste.lv\/wp-content\/uploads\/2026\/03\/19b6d1_f3419871c73346c4b9201d6105f401bc-mv2-4.jpg\" class=\"w-grid-item-anchor\" aria-label=\"19b6d1_f3419871c73346c4b9201d6105f401bc-mv2 (4)\"><\/a>\r\n\t\t\t\t\t\t<div class=\"w-post-elm post_image usg_post_image_1 has_ratio\"><img loading=\"lazy\" decoding=\"async\" width=\"683\" height=\"1024\" src=\"https:\/\/avguste.lv\/wp-content\/uploads\/2026\/03\/19b6d1_f3419871c73346c4b9201d6105f401bc-mv2-4-683x1024.jpg\" class=\"attachment-large size-large\" alt=\"\" srcset=\"https:\/\/avguste.lv\/wp-content\/uploads\/2026\/03\/19b6d1_f3419871c73346c4b9201d6105f401bc-mv2-4-683x1024.jpg 683w, https:\/\/avguste.lv\/wp-content\/uploads\/2026\/03\/19b6d1_f3419871c73346c4b9201d6105f401bc-mv2-4-200x300.jpg 200w, https:\/\/avguste.lv\/wp-content\/uploads\/2026\/03\/19b6d1_f3419871c73346c4b9201d6105f401bc-mv2-4.jpg 1365w\" sizes=\"auto, (max-width: 683px) 100vw, 683px\" \/><div style=\"padding-bottom:150%\"><\/div><\/div>\t\t<\/div>\r\n\t\t\t<\/article>\r\n\t<article class=\"w-grid-item size_1x1 post-1520 attachment type-attachment status-inherit hentry\" data-id=\"1520\">\r\n\t\t<div class=\"w-grid-item-h\">\r\n\t\t\t\t\t\t\t<a ref=\"magnificPopupGrid\" href=\"https:\/\/avguste.lv\/wp-content\/uploads\/2026\/03\/19b6d1_f63c0b0339b14aa1a10fbd1ed97acdbd-mv2-4.jpg\" class=\"w-grid-item-anchor\" aria-label=\"19b6d1_f63c0b0339b14aa1a10fbd1ed97acdbd-mv2 (4)\"><\/a>\r\n\t\t\t\t\t\t<div class=\"w-post-elm post_image usg_post_image_1 has_ratio\"><img loading=\"lazy\" decoding=\"async\" width=\"683\" height=\"1024\" src=\"https:\/\/avguste.lv\/wp-content\/uploads\/2026\/03\/19b6d1_f63c0b0339b14aa1a10fbd1ed97acdbd-mv2-4-683x1024.jpg\" class=\"attachment-large size-large\" alt=\"\" srcset=\"https:\/\/avguste.lv\/wp-content\/uploads\/2026\/03\/19b6d1_f63c0b0339b14aa1a10fbd1ed97acdbd-mv2-4-683x1024.jpg 683w, https:\/\/avguste.lv\/wp-content\/uploads\/2026\/03\/19b6d1_f63c0b0339b14aa1a10fbd1ed97acdbd-mv2-4-200x300.jpg 200w, https:\/\/avguste.lv\/wp-content\/uploads\/2026\/03\/19b6d1_f63c0b0339b14aa1a10fbd1ed97acdbd-mv2-4.jpg 1365w\" sizes=\"auto, (max-width: 683px) 100vw, 683px\" \/><div style=\"padding-bottom:150%\"><\/div><\/div>\t\t<\/div>\r\n\t\t\t<\/article>\r\n\t<article class=\"w-grid-item size_1x1 post-1519 attachment type-attachment status-inherit hentry\" data-id=\"1519\">\r\n\t\t<div class=\"w-grid-item-h\">\r\n\t\t\t\t\t\t\t<a ref=\"magnificPopupGrid\" href=\"https:\/\/avguste.lv\/wp-content\/uploads\/2026\/03\/19b6d1_e4490f7e6d1b4726bf2875cfc7ffb32d-mv2-4.jpg\" class=\"w-grid-item-anchor\" aria-label=\"19b6d1_e4490f7e6d1b4726bf2875cfc7ffb32d-mv2 (4)\"><\/a>\r\n\t\t\t\t\t\t<div class=\"w-post-elm post_image usg_post_image_1 has_ratio\"><img loading=\"lazy\" decoding=\"async\" width=\"683\" height=\"1024\" src=\"https:\/\/avguste.lv\/wp-content\/uploads\/2026\/03\/19b6d1_e4490f7e6d1b4726bf2875cfc7ffb32d-mv2-4-683x1024.jpg\" class=\"attachment-large size-large\" alt=\"\" srcset=\"https:\/\/avguste.lv\/wp-content\/uploads\/2026\/03\/19b6d1_e4490f7e6d1b4726bf2875cfc7ffb32d-mv2-4-683x1024.jpg 683w, https:\/\/avguste.lv\/wp-content\/uploads\/2026\/03\/19b6d1_e4490f7e6d1b4726bf2875cfc7ffb32d-mv2-4-200x300.jpg 200w, https:\/\/avguste.lv\/wp-content\/uploads\/2026\/03\/19b6d1_e4490f7e6d1b4726bf2875cfc7ffb32d-mv2-4.jpg 1365w\" sizes=\"auto, (max-width: 683px) 100vw, 683px\" \/><div style=\"padding-bottom:150%\"><\/div><\/div>\t\t<\/div>\r\n\t\t\t<\/article>\r\n\t<article class=\"w-grid-item size_1x1 post-1518 attachment type-attachment status-inherit hentry\" data-id=\"1518\">\r\n\t\t<div class=\"w-grid-item-h\">\r\n\t\t\t\t\t\t\t<a ref=\"magnificPopupGrid\" href=\"https:\/\/avguste.lv\/wp-content\/uploads\/2026\/03\/19b6d1_e673b96eab2f488192c3dd4d764bbeaf-mv2-4-1.jpg\" class=\"w-grid-item-anchor\" aria-label=\"19b6d1_e673b96eab2f488192c3dd4d764bbeaf-mv2 (4)\"><\/a>\r\n\t\t\t\t\t\t<div class=\"w-post-elm post_image usg_post_image_1 has_ratio\"><img loading=\"lazy\" decoding=\"async\" width=\"683\" height=\"1024\" src=\"https:\/\/avguste.lv\/wp-content\/uploads\/2026\/03\/19b6d1_e673b96eab2f488192c3dd4d764bbeaf-mv2-4-1-683x1024.jpg\" class=\"attachment-large size-large\" alt=\"\" srcset=\"https:\/\/avguste.lv\/wp-content\/uploads\/2026\/03\/19b6d1_e673b96eab2f488192c3dd4d764bbeaf-mv2-4-1-683x1024.jpg 683w, https:\/\/avguste.lv\/wp-content\/uploads\/2026\/03\/19b6d1_e673b96eab2f488192c3dd4d764bbeaf-mv2-4-1-200x300.jpg 200w, https:\/\/avguste.lv\/wp-content\/uploads\/2026\/03\/19b6d1_e673b96eab2f488192c3dd4d764bbeaf-mv2-4-1.jpg 1365w\" sizes=\"auto, (max-width: 683px) 100vw, 683px\" \/><div style=\"padding-bottom:150%\"><\/div><\/div>\t\t<\/div>\r\n\t\t\t<\/article>\r\n\t<article class=\"w-grid-item size_1x1 post-1517 attachment type-attachment status-inherit hentry\" data-id=\"1517\">\r\n\t\t<div class=\"w-grid-item-h\">\r\n\t\t\t\t\t\t\t<a ref=\"magnificPopupGrid\" href=\"https:\/\/avguste.lv\/wp-content\/uploads\/2026\/03\/19b6d1_e33f43eb25d3472a8c7ff7c5a585e1ee-mv2-4.jpg\" class=\"w-grid-item-anchor\" aria-label=\"19b6d1_e33f43eb25d3472a8c7ff7c5a585e1ee-mv2 (4)\"><\/a>\r\n\t\t\t\t\t\t<div class=\"w-post-elm post_image usg_post_image_1 has_ratio\"><img loading=\"lazy\" decoding=\"async\" width=\"683\" height=\"1024\" src=\"https:\/\/avguste.lv\/wp-content\/uploads\/2026\/03\/19b6d1_e33f43eb25d3472a8c7ff7c5a585e1ee-mv2-4-683x1024.jpg\" class=\"attachment-large size-large\" alt=\"\" srcset=\"https:\/\/avguste.lv\/wp-content\/uploads\/2026\/03\/19b6d1_e33f43eb25d3472a8c7ff7c5a585e1ee-mv2-4-683x1024.jpg 683w, https:\/\/avguste.lv\/wp-content\/uploads\/2026\/03\/19b6d1_e33f43eb25d3472a8c7ff7c5a585e1ee-mv2-4-200x300.jpg 200w, https:\/\/avguste.lv\/wp-content\/uploads\/2026\/03\/19b6d1_e33f43eb25d3472a8c7ff7c5a585e1ee-mv2-4.jpg 1365w\" sizes=\"auto, (max-width: 683px) 100vw, 683px\" \/><div style=\"padding-bottom:150%\"><\/div><\/div>\t\t<\/div>\r\n\t\t\t<\/article>\r\n\t<article class=\"w-grid-item size_1x1 post-1516 attachment type-attachment status-inherit hentry\" data-id=\"1516\">\r\n\t\t<div class=\"w-grid-item-h\">\r\n\t\t\t\t\t\t\t<a ref=\"magnificPopupGrid\" href=\"https:\/\/avguste.lv\/wp-content\/uploads\/2026\/03\/19b6d1_e7dd2f0912104e64b504cb1679f3d4b6-mv2-2.jpg\" class=\"w-grid-item-anchor\" aria-label=\"19b6d1_e7dd2f0912104e64b504cb1679f3d4b6-mv2 (2)\"><\/a>\r\n\t\t\t\t\t\t<div class=\"w-post-elm post_image usg_post_image_1 has_ratio\"><img loading=\"lazy\" decoding=\"async\" width=\"1024\" height=\"682\" src=\"https:\/\/avguste.lv\/wp-content\/uploads\/2026\/03\/19b6d1_e7dd2f0912104e64b504cb1679f3d4b6-mv2-2-1024x682.jpg\" class=\"attachment-large size-large\" alt=\"\" srcset=\"https:\/\/avguste.lv\/wp-content\/uploads\/2026\/03\/19b6d1_e7dd2f0912104e64b504cb1679f3d4b6-mv2-2-1024x682.jpg 1024w, https:\/\/avguste.lv\/wp-content\/uploads\/2026\/03\/19b6d1_e7dd2f0912104e64b504cb1679f3d4b6-mv2-2-300x200.jpg 300w, https:\/\/avguste.lv\/wp-content\/uploads\/2026\/03\/19b6d1_e7dd2f0912104e64b504cb1679f3d4b6-mv2-2.jpg 2048w\" sizes=\"auto, (max-width: 1024px) 100vw, 1024px\" \/><div style=\"padding-bottom:150%\"><\/div><\/div>\t\t<\/div>\r\n\t\t\t<\/article>\r\n\t<article class=\"w-grid-item size_1x1 post-1515 attachment type-attachment status-inherit hentry\" data-id=\"1515\">\r\n\t\t<div class=\"w-grid-item-h\">\r\n\t\t\t\t\t\t\t<a ref=\"magnificPopupGrid\" href=\"https:\/\/avguste.lv\/wp-content\/uploads\/2026\/03\/19b6d1_d5383e0244d74b56b3d51e49281d7317-mv2-3.jpg\" class=\"w-grid-item-anchor\" aria-label=\"19b6d1_d5383e0244d74b56b3d51e49281d7317-mv2 (3)\"><\/a>\r\n\t\t\t\t\t\t<div class=\"w-post-elm post_image usg_post_image_1 has_ratio\"><img loading=\"lazy\" decoding=\"async\" width=\"1024\" height=\"682\" src=\"https:\/\/avguste.lv\/wp-content\/uploads\/2026\/03\/19b6d1_d5383e0244d74b56b3d51e49281d7317-mv2-3-1024x682.jpg\" class=\"attachment-large size-large\" alt=\"\" srcset=\"https:\/\/avguste.lv\/wp-content\/uploads\/2026\/03\/19b6d1_d5383e0244d74b56b3d51e49281d7317-mv2-3-1024x682.jpg 1024w, https:\/\/avguste.lv\/wp-content\/uploads\/2026\/03\/19b6d1_d5383e0244d74b56b3d51e49281d7317-mv2-3-300x200.jpg 300w, https:\/\/avguste.lv\/wp-content\/uploads\/2026\/03\/19b6d1_d5383e0244d74b56b3d51e49281d7317-mv2-3.jpg 2047w\" sizes=\"auto, (max-width: 1024px) 100vw, 1024px\" \/><div style=\"padding-bottom:150%\"><\/div><\/div>\t\t<\/div>\r\n\t\t\t<\/article>\r\n\t<article class=\"w-grid-item size_1x1 post-1514 attachment type-attachment status-inherit hentry\" data-id=\"1514\">\r\n\t\t<div class=\"w-grid-item-h\">\r\n\t\t\t\t\t\t\t<a ref=\"magnificPopupGrid\" href=\"https:\/\/avguste.lv\/wp-content\/uploads\/2026\/03\/19b6d1_d393d522c9004639a7f3dd5917becb3b-mv2-4.jpg\" class=\"w-grid-item-anchor\" aria-label=\"19b6d1_d393d522c9004639a7f3dd5917becb3b-mv2 (4)\"><\/a>\r\n\t\t\t\t\t\t<div class=\"w-post-elm post_image usg_post_image_1 has_ratio\"><img loading=\"lazy\" decoding=\"async\" width=\"683\" height=\"1024\" src=\"https:\/\/avguste.lv\/wp-content\/uploads\/2026\/03\/19b6d1_d393d522c9004639a7f3dd5917becb3b-mv2-4-683x1024.jpg\" class=\"attachment-large size-large\" alt=\"\" srcset=\"https:\/\/avguste.lv\/wp-content\/uploads\/2026\/03\/19b6d1_d393d522c9004639a7f3dd5917becb3b-mv2-4-683x1024.jpg 683w, https:\/\/avguste.lv\/wp-content\/uploads\/2026\/03\/19b6d1_d393d522c9004639a7f3dd5917becb3b-mv2-4-200x300.jpg 200w, https:\/\/avguste.lv\/wp-content\/uploads\/2026\/03\/19b6d1_d393d522c9004639a7f3dd5917becb3b-mv2-4.jpg 1365w\" sizes=\"auto, (max-width: 683px) 100vw, 683px\" \/><div style=\"padding-bottom:150%\"><\/div><\/div>\t\t<\/div>\r\n\t\t\t<\/article>\r\n\t<article class=\"w-grid-item size_1x1 post-1513 attachment type-attachment status-inherit hentry\" data-id=\"1513\">\r\n\t\t<div class=\"w-grid-item-h\">\r\n\t\t\t\t\t\t\t<a ref=\"magnificPopupGrid\" href=\"https:\/\/avguste.lv\/wp-content\/uploads\/2026\/03\/19b6d1_d237fb507b614f6ebdac2580ea9c3032-mv2-4.jpg\" class=\"w-grid-item-anchor\" aria-label=\"19b6d1_d237fb507b614f6ebdac2580ea9c3032-mv2 (4)\"><\/a>\r\n\t\t\t\t\t\t<div class=\"w-post-elm post_image usg_post_image_1 has_ratio\"><img loading=\"lazy\" decoding=\"async\" width=\"683\" height=\"1024\" src=\"https:\/\/avguste.lv\/wp-content\/uploads\/2026\/03\/19b6d1_d237fb507b614f6ebdac2580ea9c3032-mv2-4-683x1024.jpg\" class=\"attachment-large size-large\" alt=\"\" srcset=\"https:\/\/avguste.lv\/wp-content\/uploads\/2026\/03\/19b6d1_d237fb507b614f6ebdac2580ea9c3032-mv2-4-683x1024.jpg 683w, https:\/\/avguste.lv\/wp-content\/uploads\/2026\/03\/19b6d1_d237fb507b614f6ebdac2580ea9c3032-mv2-4-200x300.jpg 200w, https:\/\/avguste.lv\/wp-content\/uploads\/2026\/03\/19b6d1_d237fb507b614f6ebdac2580ea9c3032-mv2-4.jpg 1365w\" sizes=\"auto, (max-width: 683px) 100vw, 683px\" \/><div style=\"padding-bottom:150%\"><\/div><\/div>\t\t<\/div>\r\n\t\t\t<\/article>\r\n\t<article class=\"w-grid-item size_1x1 post-1512 attachment type-attachment status-inherit hentry\" data-id=\"1512\">\r\n\t\t<div class=\"w-grid-item-h\">\r\n\t\t\t\t\t\t\t<a ref=\"magnificPopupGrid\" href=\"https:\/\/avguste.lv\/wp-content\/uploads\/2026\/03\/19b6d1_d28d2abb8e5e45f7baa8e26e7f2c76b1-mv2-4.jpg\" class=\"w-grid-item-anchor\" aria-label=\"19b6d1_d28d2abb8e5e45f7baa8e26e7f2c76b1-mv2 (4)\"><\/a>\r\n\t\t\t\t\t\t<div class=\"w-post-elm post_image usg_post_image_1 has_ratio\"><img loading=\"lazy\" decoding=\"async\" width=\"819\" height=\"1024\" src=\"https:\/\/avguste.lv\/wp-content\/uploads\/2026\/03\/19b6d1_d28d2abb8e5e45f7baa8e26e7f2c76b1-mv2-4-819x1024.jpg\" class=\"attachment-large size-large\" alt=\"\" srcset=\"https:\/\/avguste.lv\/wp-content\/uploads\/2026\/03\/19b6d1_d28d2abb8e5e45f7baa8e26e7f2c76b1-mv2-4-819x1024.jpg 819w, https:\/\/avguste.lv\/wp-content\/uploads\/2026\/03\/19b6d1_d28d2abb8e5e45f7baa8e26e7f2c76b1-mv2-4-240x300.jpg 240w, https:\/\/avguste.lv\/wp-content\/uploads\/2026\/03\/19b6d1_d28d2abb8e5e45f7baa8e26e7f2c76b1-mv2-4.jpg 1637w\" sizes=\"auto, (max-width: 819px) 100vw, 819px\" \/><div style=\"padding-bottom:150%\"><\/div><\/div>\t\t<\/div>\r\n\t\t\t<\/article>\r\n\t<article class=\"w-grid-item size_1x1 post-1511 attachment type-attachment status-inherit hentry\" data-id=\"1511\">\r\n\t\t<div class=\"w-grid-item-h\">\r\n\t\t\t\t\t\t\t<a ref=\"magnificPopupGrid\" href=\"https:\/\/avguste.lv\/wp-content\/uploads\/2026\/03\/19b6d1_cf9dd206fd154f7c8d7fff8cf1dbb0db-mv2-2.jpg\" class=\"w-grid-item-anchor\" aria-label=\"19b6d1_cf9dd206fd154f7c8d7fff8cf1dbb0db-mv2 (2)\"><\/a>\r\n\t\t\t\t\t\t<div class=\"w-post-elm post_image usg_post_image_1 has_ratio\"><img loading=\"lazy\" decoding=\"async\" width=\"1024\" height=\"682\" src=\"https:\/\/avguste.lv\/wp-content\/uploads\/2026\/03\/19b6d1_cf9dd206fd154f7c8d7fff8cf1dbb0db-mv2-2-1024x682.jpg\" class=\"attachment-large size-large\" alt=\"\" srcset=\"https:\/\/avguste.lv\/wp-content\/uploads\/2026\/03\/19b6d1_cf9dd206fd154f7c8d7fff8cf1dbb0db-mv2-2-1024x682.jpg 1024w, https:\/\/avguste.lv\/wp-content\/uploads\/2026\/03\/19b6d1_cf9dd206fd154f7c8d7fff8cf1dbb0db-mv2-2-300x200.jpg 300w, https:\/\/avguste.lv\/wp-content\/uploads\/2026\/03\/19b6d1_cf9dd206fd154f7c8d7fff8cf1dbb0db-mv2-2.jpg 2048w\" sizes=\"auto, (max-width: 1024px) 100vw, 1024px\" \/><div style=\"padding-bottom:150%\"><\/div><\/div>\t\t<\/div>\r\n\t\t\t<\/article>\r\n\t<article class=\"w-grid-item size_1x1 post-1510 attachment type-attachment status-inherit hentry\" data-id=\"1510\">\r\n\t\t<div class=\"w-grid-item-h\">\r\n\t\t\t\t\t\t\t<a ref=\"magnificPopupGrid\" href=\"https:\/\/avguste.lv\/wp-content\/uploads\/2026\/03\/19b6d1_ce7327e7430d42ac877ecb06613521ca-mv2-4.jpg\" class=\"w-grid-item-anchor\" aria-label=\"19b6d1_ce7327e7430d42ac877ecb06613521ca-mv2 (4)\"><\/a>\r\n\t\t\t\t\t\t<div class=\"w-post-elm post_image usg_post_image_1 has_ratio\"><img loading=\"lazy\" decoding=\"async\" width=\"683\" height=\"1024\" src=\"https:\/\/avguste.lv\/wp-content\/uploads\/2026\/03\/19b6d1_ce7327e7430d42ac877ecb06613521ca-mv2-4-683x1024.jpg\" class=\"attachment-large size-large\" alt=\"\" srcset=\"https:\/\/avguste.lv\/wp-content\/uploads\/2026\/03\/19b6d1_ce7327e7430d42ac877ecb06613521ca-mv2-4-683x1024.jpg 683w, https:\/\/avguste.lv\/wp-content\/uploads\/2026\/03\/19b6d1_ce7327e7430d42ac877ecb06613521ca-mv2-4-200x300.jpg 200w, https:\/\/avguste.lv\/wp-content\/uploads\/2026\/03\/19b6d1_ce7327e7430d42ac877ecb06613521ca-mv2-4.jpg 1365w\" sizes=\"auto, (max-width: 683px) 100vw, 683px\" \/><div style=\"padding-bottom:150%\"><\/div><\/div>\t\t<\/div>\r\n\t\t\t<\/article>\r\n<\/div><div class=\"w-grid-preloader\">\t<div class=\"g-preloader type_1\">\r\n\t\t<div><\/div>\r\n\t<\/div>\r\n\t<\/div>\t\t\t<div class=\"g-loadmore \">\r\n\t\t\t\t<div class=\"g-preloader type_1\">\r\n\t\t\t\t\t<div><\/div>\r\n\t\t\t\t<\/div>\r\n\t\t\t\t<button class=\"w-btn us-btn-style_1\">\r\n\t\t\t\t\t<span class=\"w-btn-label\">R\u0101d\u012bt vair\u0101k<\/span>\r\n\t\t\t\t<\/button>\r\n\t\t\t<\/div>\r\n\t\t\t\t<div class=\"w-grid-json hidden\" onclick='return {&quot;action&quot;:&quot;us_ajax_grid&quot;,&quot;infinite_scroll&quot;:0,&quot;max_num_pages&quot;:5,&quot;pagination&quot;:&quot;ajax&quot;,&quot;template_vars&quot;:{&quot;columns&quot;:&quot;3&quot;,&quot;exclude_items&quot;:&quot;none&quot;,&quot;img_size&quot;:&quot;default&quot;,&quot;ignore_items_size&quot;:0,&quot;items_layout&quot;:&quot;289&quot;,&quot;items_offset&quot;:&quot;1&quot;,&quot;load_animation&quot;:&quot;none&quot;,&quot;overriding_link&quot;:&quot;%7B%22type%22%3A%22popup_image%22%7D&quot;,&quot;post_id&quot;:0,&quot;query_args&quot;:{&quot;post_type&quot;:[&quot;attachment&quot;],&quot;post__in&quot;:[&quot;1065&quot;,&quot;1066&quot;,&quot;1067&quot;,&quot;1068&quot;,&quot;1069&quot;,&quot;1070&quot;,&quot;1071&quot;,&quot;1072&quot;,&quot;1073&quot;,&quot;1074&quot;,&quot;1075&quot;,&quot;1076&quot;,&quot;1077&quot;,&quot;1078&quot;,&quot;1079&quot;,&quot;1080&quot;,&quot;1081&quot;,&quot;1082&quot;,&quot;1083&quot;,&quot;1084&quot;,&quot;1085&quot;,&quot;1086&quot;,&quot;1087&quot;,&quot;1088&quot;,&quot;1089&quot;,&quot;1090&quot;,&quot;1091&quot;,&quot;1092&quot;,&quot;1093&quot;,&quot;1094&quot;,&quot;1095&quot;,&quot;1096&quot;,&quot;1097&quot;,&quot;1098&quot;,&quot;1099&quot;,&quot;1100&quot;,&quot;1101&quot;,&quot;1102&quot;,&quot;1103&quot;,&quot;1104&quot;,&quot;1105&quot;,&quot;1106&quot;,&quot;1107&quot;,&quot;1108&quot;,&quot;1109&quot;,&quot;1110&quot;,&quot;1111&quot;,&quot;1112&quot;,&quot;1113&quot;,&quot;1114&quot;,&quot;1115&quot;,&quot;1116&quot;,&quot;1117&quot;,&quot;1118&quot;],&quot;post_status&quot;:&quot;inherit&quot;,&quot;post_mime_type&quot;:&quot;image&quot;,&quot;posts_per_page&quot;:&quot;12&quot;},&quot;orderby_query_args&quot;:{&quot;orderby&quot;:{&quot;date&quot;:&quot;DESC&quot;}},&quot;type&quot;:&quot;grid&quot;,&quot;us_grid_post_type&quot;:&quot;attachment&quot;,&quot;us_grid_ajax_index&quot;:1,&quot;us_grid_filter_query_string&quot;:null,&quot;us_grid_index&quot;:1,&quot;page_args&quot;:[],&quot;lang&quot;:&quot;lv&quot;}}'><\/div>\r\n\t<\/div><\/div><\/div><\/div><\/div><\/section><section class=\"l-section wpb_row height_small\"><div class=\"l-section-overlay\" style=\"background:#fbf6f6\"><\/div><div class=\"l-section-h i-cf\"><div class=\"g-cols vc_row via_grid cols_1 laptops-cols_inherit tablets-cols_inherit mobiles-cols_1 valign_top type_default stacking_default\"><div class=\"wpb_column vc_column_container\"><div class=\"vc_column-inner\"><div class=\"wpb_text_column us_custom_eb849559\"><div class=\"wpb_wrapper\"><div id=\"comp-mceoakys2\" class=\"ku3DBC zQ9jDz qvSjx3 Vq6kJx comp-mceoakys2 wixui-rich-text\" data-testid=\"richTextElement\">\n<div id=\"comp-mceoakys2\" class=\"ku3DBC zQ9jDz qvSjx3 Vq6kJx comp-mceoakys2 wixui-rich-text\" data-testid=\"richTextElement\">\n<h3 class=\"font_2 wixui-rich-text__text\"><span class=\"wixui-rich-text__text\"><span class=\"color_37 wixui-rich-text__text\">V\u0113l ir jaut\u0101jumi? Dro\u0161i jaut\u0101jiet!<\/span><\/span><\/h3>\n<\/div>\n<\/div>\n<div id=\"comp-mceoakyt1\" class=\"comp-mceoakyt1\" data-semantic-classname=\"button\"><\/div>\n<\/div><\/div><div class=\"w-separator size_small\"><\/div><div class=\"w-btn-wrapper align_center\"><a class=\"w-btn us-btn-style_10\" href=\"\/lv\/contacts\/\"><span class=\"w-btn-label\">SAZINIES AR MANI<\/span><\/a><\/div><\/div><\/div><\/div><\/div><\/section>\n","protected":false},"excerpt":{"rendered":"","protected":false},"author":1,"featured_media":0,"parent":0,"menu_order":0,"comment_status":"closed","ping_status":"closed","template":"","meta":{"footnotes":""},"class_list":["post-1596","page","type-page","status-publish","hentry"],"yoast_head":"<!-- This site is optimized with the Yoast SEO plugin v27.2 - https:\/\/yoast.com\/product\/yoast-seo-wordpress\/ -->\n<title>Darbavieta | Trusted Photographer Ksenija Avguste<\/title>\n<meta name=\"robots\" content=\"index, follow, max-snippet:-1, max-image-preview:large, max-video-preview:-1\" \/>\n<link rel=\"canonical\" href=\"https:\/\/avguste.lv\/lv\/workplace\/\" \/>\n<meta property=\"og:locale\" content=\"lv_LV\" \/>\n<meta property=\"og:type\" content=\"article\" \/>\n<meta property=\"og:title\" content=\"Darbavieta | Trusted Photographer Ksenija Avguste\" \/>\n<meta property=\"og:url\" content=\"https:\/\/avguste.lv\/lv\/workplace\/\" \/>\n<meta property=\"og:site_name\" content=\"KSENIJA AVGUSTE\" \/>\n<meta property=\"article:modified_time\" content=\"2026-03-31T11:31:28+00:00\" \/>\n<meta name=\"twitter:card\" content=\"summary_large_image\" \/>\n<meta name=\"twitter:title\" content=\"Darbavieta | Trusted Photographer Ksenija Avguste\" \/>\n<meta name=\"twitter:label1\" content=\"Est. reading time\" \/>\n\t<meta name=\"twitter:data1\" content=\"1 minute\" \/>\n<script type=\"application\/ld+json\" class=\"yoast-schema-graph\">{\"@context\":\"https:\/\/schema.org\",\"@graph\":[{\"@type\":\"WebPage\",\"@id\":\"https:\/\/avguste.lv\/lv\/workplace\/\",\"url\":\"https:\/\/avguste.lv\/lv\/workplace\/\",\"name\":\"Darbavieta | Trusted Photographer Ksenija Avguste\",\"isPartOf\":{\"@id\":\"https:\/\/avguste.lv\/#website\"},\"datePublished\":\"2026-03-31T08:06:50+00:00\",\"dateModified\":\"2026-03-31T11:31:28+00:00\",\"breadcrumb\":{\"@id\":\"https:\/\/avguste.lv\/lv\/workplace\/#breadcrumb\"},\"inLanguage\":\"lv-LV\",\"potentialAction\":[{\"@type\":\"ReadAction\",\"target\":[\"https:\/\/avguste.lv\/lv\/workplace\/\"]}]},{\"@type\":\"BreadcrumbList\",\"@id\":\"https:\/\/avguste.lv\/lv\/workplace\/#breadcrumb\",\"itemListElement\":[{\"@type\":\"ListItem\",\"position\":1,\"name\":\"\u0413\u043b\u0430\u0432\u043d\u0430\u044f \u0441\u0442\u0440\u0430\u043d\u0438\u0446\u0430\",\"item\":\"https:\/\/avguste.lv\/lv\/\"},{\"@type\":\"ListItem\",\"position\":2,\"name\":\"Darbavieta\"}]},{\"@type\":\"WebSite\",\"@id\":\"https:\/\/avguste.lv\/#website\",\"url\":\"https:\/\/avguste.lv\/\",\"name\":\"KSENIJA AVGUSTE\",\"description\":\"\",\"potentialAction\":[{\"@type\":\"SearchAction\",\"target\":{\"@type\":\"EntryPoint\",\"urlTemplate\":\"https:\/\/avguste.lv\/?s={search_term_string}\"},\"query-input\":{\"@type\":\"PropertyValueSpecification\",\"valueRequired\":true,\"valueName\":\"search_term_string\"}}],\"inLanguage\":\"lv-LV\"}]}<\/script>\n<!-- \/ Yoast SEO plugin. -->","yoast_head_json":{"title":"Darbavieta | Trusted Photographer Ksenija Avguste","robots":{"index":"index","follow":"follow","max-snippet":"max-snippet:-1","max-image-preview":"max-image-preview:large","max-video-preview":"max-video-preview:-1"},"canonical":"https:\/\/avguste.lv\/lv\/workplace\/","og_locale":"lv_LV","og_type":"article","og_title":"Darbavieta | Trusted Photographer Ksenija Avguste","og_url":"https:\/\/avguste.lv\/lv\/workplace\/","og_site_name":"KSENIJA AVGUSTE","article_modified_time":"2026-03-31T11:31:28+00:00","twitter_card":"summary_large_image","twitter_title":"Darbavieta | Trusted Photographer Ksenija Avguste","twitter_misc":{"Est. reading time":"1 minute"},"schema":{"@context":"https:\/\/schema.org","@graph":[{"@type":"WebPage","@id":"https:\/\/avguste.lv\/lv\/workplace\/","url":"https:\/\/avguste.lv\/lv\/workplace\/","name":"Darbavieta | Trusted Photographer Ksenija Avguste","isPartOf":{"@id":"https:\/\/avguste.lv\/#website"},"datePublished":"2026-03-31T08:06:50+00:00","dateModified":"2026-03-31T11:31:28+00:00","breadcrumb":{"@id":"https:\/\/avguste.lv\/lv\/workplace\/#breadcrumb"},"inLanguage":"lv-LV","potentialAction":[{"@type":"ReadAction","target":["https:\/\/avguste.lv\/lv\/workplace\/"]}]},{"@type":"BreadcrumbList","@id":"https:\/\/avguste.lv\/lv\/workplace\/#breadcrumb","itemListElement":[{"@type":"ListItem","position":1,"name":"\u0413\u043b\u0430\u0432\u043d\u0430\u044f \u0441\u0442\u0440\u0430\u043d\u0438\u0446\u0430","item":"https:\/\/avguste.lv\/lv\/"},{"@type":"ListItem","position":2,"name":"Darbavieta"}]},{"@type":"WebSite","@id":"https:\/\/avguste.lv\/#website","url":"https:\/\/avguste.lv\/","name":"KSENIJA AVGUSTE","description":"","potentialAction":[{"@type":"SearchAction","target":{"@type":"EntryPoint","urlTemplate":"https:\/\/avguste.lv\/?s={search_term_string}"},"query-input":{"@type":"PropertyValueSpecification","valueRequired":true,"valueName":"search_term_string"}}],"inLanguage":"lv-LV"}]}},"_links":{"self":[{"href":"https:\/\/avguste.lv\/lv\/wp-json\/wp\/v2\/pages\/1596","targetHints":{"allow":["GET"]}}],"collection":[{"href":"https:\/\/avguste.lv\/lv\/wp-json\/wp\/v2\/pages"}],"about":[{"href":"https:\/\/avguste.lv\/lv\/wp-json\/wp\/v2\/types\/page"}],"author":[{"embeddable":true,"href":"https:\/\/avguste.lv\/lv\/wp-json\/wp\/v2\/users\/1"}],"replies":[{"embeddable":true,"href":"https:\/\/avguste.lv\/lv\/wp-json\/wp\/v2\/comments?post=1596"}],"version-history":[{"count":4,"href":"https:\/\/avguste.lv\/lv\/wp-json\/wp\/v2\/pages\/1596\/revisions"}],"predecessor-version":[{"id":1600,"href":"https:\/\/avguste.lv\/lv\/wp-json\/wp\/v2\/pages\/1596\/revisions\/1600"}],"wp:attachment":[{"href":"https:\/\/avguste.lv\/lv\/wp-json\/wp\/v2\/media?parent=1596"}],"curies":[{"name":"wp","href":"https:\/\/api.w.org\/{rel}","templated":true}]}}